{"id":15483,"date":"2019-07-19T13:48:13","date_gmt":"2019-07-19T11:48:13","guid":{"rendered":"https:\/\/clarisas.cat\/?page_id=15483"},"modified":"2021-11-23T15:31:05","modified_gmt":"2021-11-23T14:31:05","slug":"historia-clarisses-girona","status":"publish","type":"page","link":"https:\/\/clarisas.cat\/ca\/historia-clarisses-girona\/","title":{"rendered":"Nosaltres"},"content":{"rendered":"<p>[vc_row css_animation=&#8221;&#8221; row_type=&#8221;row&#8221; use_row_as_full_screen_section=&#8221;no&#8221; type=&#8221;grid&#8221; angled_section=&#8221;no&#8221; text_align=&#8221;left&#8221; background_image_as_pattern=&#8221;without_pattern&#8221; padding_top=&#8221;70&#8243; padding_bottom=&#8221;60&#8243;][vc_column offset=&#8221;vc_col-xs-12&#8243;][vc_single_image image=&#8221;17418&#8243; img_size=&#8221;full&#8221; alignment=&#8221;center&#8221; qode_css_animation=&#8221;&#8221;][vc_separator type=&#8221;transparent&#8221; up=&#8221;16&#8243; down=&#8221;0&#8243;][vc_column_text]<\/p>\n<h2 style=\"text-align: center;\">Deixebles i Germanes&#8230;<\/h2>\n<p>[\/vc_column_text][vc_separator type=&#8221;transparent&#8221; up=&#8221;10&#8243; down=&#8221;0&#8243;][vc_column_text]<\/p>\n<h4 style=\"text-align: center;\">Som un grup de germanes d&#8217;edats i proced\u00e8ncies ben diferents que hem optat per viure la fe en fraternitat. Agra\u00efdes per aquest Do, la vida di\u00e0ria \u00e9s enriquida per la diversitat de car\u00e0cters, pensaments i maneres de fer de cadascuna de nosaltres.<\/h4>\n<p>[\/vc_column_text][\/vc_column][\/vc_row][vc_row css_animation=&#8221;&#8221; row_type=&#8221;row&#8221; use_row_as_full_screen_section=&#8221;no&#8221; type=&#8221;grid&#8221; angled_section=&#8221;no&#8221; text_align=&#8221;center&#8221; background_image_as_pattern=&#8221;without_pattern&#8221; padding_bottom=&#8221;37&#8243; z_index=&#8221;&#8221;][vc_column width=&#8221;1\/2&#8243;][vc_separator type=&#8221;transparent&#8221; up=&#8221;2&#8243; down=&#8221;0&#8243;][vc_separator type=&#8221;transparent&#8221; up=&#8221;16&#8243; down=&#8221;0&#8243;][vc_column_text]<\/p>\n<h5 style=\"text-align: left;\">UNA HIST\u00d2RIA QUE COMEN\u00c7A&#8230;<\/h5>\n<p>[\/vc_column_text][vc_separator type=&#8221;transparent&#8221; up=&#8221;16&#8243; down=&#8221;0&#8243;][vc_column_text]<\/p>\n<p style=\"text-align: left;\">Les Germanes Clarisses s\u00f3n les continuadores de l\u2019opci\u00f3 de vida evang\u00e8lica que Santa Clara d\u2019Ass\u00eds f\u00e9u als 18 anys, l\u2019any 1211, per seguir m\u00e9s de prop les petjades del\u00a0 Crist, en fraternitat i pobresa, pregant i lloant D\u00e9u per tot el bo que ens d\u00f3na dia rere dia. Clara d\u2019Ass\u00eds mor\u00ed l&#8217;11 d\u2019agost del 1253. A la seva mort ja hi havia 70 comunitats de Germanes Pobres.<\/p>\n<p style=\"text-align: left;\">La seva llibertat personal i espiritual, davant les estructures socials i religioses, la capacit\u00e0 per acollir la novetat de la vida evang\u00e8lica franciscana. Clara obr\u00ed sendes noves per a la dona dins l\u2019estructura de la vida consagrada del seu temps; possibilitant que tota persona, independentment del seu origen social,\u00a0 pogu\u00e9s viure l\u2019evangeli en igualtat i corresponsabilitat.<\/p>\n<p>[\/vc_column_text][vc_separator type=&#8221;transparent&#8221; up=&#8221;16&#8243; down=&#8221;0&#8243;][vc_column_text]<\/p>\n<h5 style=\"text-align: left;\">UNA HIST\u00d2RIA QUE SEGUEIX&#8230;<\/h5>\n<p>[\/vc_column_text][vc_separator type=&#8221;transparent&#8221; up=&#8221;16&#8243; down=&#8221;0&#8243;][vc_column_text]<\/p>\n<p style=\"text-align: left;\">Pels vols de 1319 arrib\u00e0 a Girona la primera comunitat de germanes clarisses que plantaren, en terres gironines, l\u2019esperit evang\u00e8lic de santa Clara. Amb no poques dificultats al llarg de la hist\u00f2ria, aquell esperit de fraternitat ha perdurat en el temps fins avui.<\/p>\n<p>[\/vc_column_text][vc_separator type=&#8221;transparent&#8221; up=&#8221;16&#8243; down=&#8221;0&#8243;][vc_separator type=&#8221;transparent&#8221; up=&#8221;16&#8243; down=&#8221;0&#8243;][vc_separator type=&#8221;transparent&#8221; up=&#8221;16&#8243; down=&#8221;0&#8243;][vc_column_text]<\/p>\n<h5 style=\"text-align: left;\">UNA HIST\u00d2RIA QUE \u00c9S VIDA&#8230;<\/h5>\n<p>[\/vc_column_text][vc_separator type=&#8221;transparent&#8221; up=&#8221;16&#8243; down=&#8221;0&#8243;][vc_column_text]<\/p>\n<p style=\"text-align: left;\">L\u2019any 1974 la comunitat es trasllad\u00e0 a un nou edifici, situat en plena natura, a la comarca de la Selva. Ens hi trobareu a les afores de Vilob\u00ed d\u2019Onyar a on, amb la gr\u00e0cia de D\u00e9u, mantenim viu l\u2019esperit evang\u00e8lic que inspir\u00e0\u00a0 Clara d&#8217;Ass\u00eds.<\/p>\n<p>[\/vc_column_text][vc_separator type=&#8221;transparent&#8221; up=&#8221;50&#8243; down=&#8221;0&#8243;][\/vc_column][vc_column width=&#8221;1\/2&#8243;][vc_separator type=&#8221;transparent&#8221; up=&#8221;16&#8243; down=&#8221;0&#8243;][vc_separator type=&#8221;transparent&#8221; up=&#8221;16&#8243; down=&#8221;0&#8243;]<div class='qode-expanding-images'><div class='qode-expanding-images-inner'><img class='qode-frame-image' src='https:\/\/clarisas.cat\/wp-content\/themes\/bridge\/css\/img\/expanding_images_laptop.png' alt='laptop frame' \/><div class='qode-hero-image'><img class='qode-frame-image qode-lazy-image' src='#' alt='hero image' data-image='https:\/\/clarisas.cat\/wp-content\/uploads\/2019\/09\/clara-i-francesc.jpg' data-lazy='true' \/><\/div><\/div><div class='qode-side-images'><\/div><\/div>[vc_separator type=&#8221;transparent&#8221; up=&#8221;16&#8243; down=&#8221;0&#8243;][vc_separator type=&#8221;transparent&#8221; up=&#8221;16&#8243; down=&#8221;0&#8243;][vc_separator type=&#8221;transparent&#8221; up=&#8221;16&#8243; down=&#8221;0&#8243;][vc_separator type=&#8221;transparent&#8221; up=&#8221;16&#8243; down=&#8221;0&#8243;]<div class='qode-expanding-images'><div class='qode-expanding-images-inner'><img class='qode-frame-image' src='https:\/\/clarisas.cat\/wp-content\/themes\/bridge\/css\/img\/expanding_images_laptop.png' alt='laptop frame' \/><div class='qode-hero-image'><img class='qode-frame-image qode-lazy-image' src='#' alt='hero image' data-image='https:\/\/clarisas.cat\/wp-content\/uploads\/2019\/09\/girona.jpg' data-lazy='true' \/><\/div><\/div><div class='qode-side-images'><\/div><\/div>[vc_separator type=&#8221;transparent&#8221; up=&#8221;16&#8243; down=&#8221;0&#8243;][vc_separator type=&#8221;transparent&#8221; up=&#8221;16&#8243; down=&#8221;0&#8243;][vc_separator type=&#8221;transparent&#8221; up=&#8221;16&#8243; down=&#8221;0&#8243;]<div class='qode-expanding-images'><div class='qode-expanding-images-inner'><img class='qode-frame-image' src='https:\/\/clarisas.cat\/wp-content\/themes\/bridge\/css\/img\/expanding_images_laptop.png' alt='laptop frame' \/><div class='qode-hero-image'><img class='qode-frame-image qode-lazy-image' src='#' alt='hero image' data-image='https:\/\/clarisas.cat\/wp-content\/uploads\/2019\/09\/vilobi-2.jpg' data-lazy='true' \/><\/div><\/div><div class='qode-side-images'><\/div><\/div>[\/vc_column][\/vc_row][vc_row css_animation=&#8221;&#8221; row_type=&#8221;row&#8221; use_row_as_full_screen_section=&#8221;no&#8221; type=&#8221;grid&#8221; angled_section=&#8221;no&#8221; text_align=&#8221;left&#8221; background_image_as_pattern=&#8221;without_pattern&#8221; padding_top=&#8221;70&#8243; padding_bottom=&#8221;60&#8243; background_image=&#8221;15320&#8243;][vc_column offset=&#8221;vc_col-lg-offset-1 vc_col-lg-10 vc_col-md-offset-1 vc_col-md-10 vc_col-xs-12&#8243;][vc_single_image image=&#8221;15667&#8243; img_size=&#8221;full&#8221; alignment=&#8221;center&#8221; qode_css_animation=&#8221;&#8221;][vc_separator type=&#8221;transparent&#8221; up=&#8221;16&#8243; down=&#8221;0&#8243;][vc_column_text]<\/p>\n<h2 style=\"text-align: center;\"><span style=\"color: #ffffff;\">TEMPS I ESPAI PER LA PREG\u00c0RIA<\/span><\/h2>\n<p>[\/vc_column_text][vc_separator type=&#8221;transparent&#8221; up=&#8221;10&#8243; down=&#8221;0&#8243;][vc_column_text]<\/p>\n<h3 style=\"text-align: center;\"><span style=\"color: #ffff99;\">Les celebracions lit\u00fargiques i el temps de preg\u00e0ria,\u00a0<\/span><\/h3>\n<p>[\/vc_column_text][vc_separator type=&#8221;transparent&#8221; up=&#8221;10&#8243; down=&#8221;0&#8243;][vc_column_text]<\/p>\n<h3 style=\"text-align: center;\"><span style=\"color: #ffff99;\">\u00a0resten obertes a tota persona.<\/span><\/h3>\n<p>[\/vc_column_text][\/vc_column][\/vc_row]<\/p>\n","protected":false},"excerpt":{"rendered":"<p>[vc_row css_animation=&#8221;&#8221; row_type=&#8221;row&#8221; use_row_as_full_screen_section=&#8221;no&#8221; type=&#8221;grid&#8221; angled_section=&#8221;no&#8221; text_align=&#8221;left&#8221; background_image_as_pattern=&#8221;without_pattern&#8221; padding_top=&#8221;70&#8243; padding_bottom=&#8221;60&#8243;][vc_column offset=&#8221;vc_col-xs-12&#8243;][vc_single_image image=&#8221;17418&#8243; img_size=&#8221;full&#8221; alignment=&#8221;center&#8221; qode_css_animation=&#8221;&#8221;][vc_separator type=&#8221;transparent&#8221; up=&#8221;16&#8243; down=&#8221;0&#8243;][vc_column_text] Deixebles i Germanes&#8230; [\/vc_column_text][vc_separator type=&#8221;transparent&#8221; up=&#8221;10&#8243; down=&#8221;0&#8243;][vc_column_text] Som un grup de germanes d&#8217;edats i proced\u00e8ncies ben diferents que hem optat per viure la fe en fraternitat. Agra\u00efdes&#8230;<\/p>\n","protected":false},"author":2,"featured_media":16335,"parent":0,"menu_order":0,"comment_status":"open","ping_status":"closed","template":"full_width.php","meta":[],"yoast_head":"<!-- This site is optimized with the Yoast SEO plugin v17.6 - https:\/\/yoast.com\/wordpress\/plugins\/seo\/ -->\n<title>Hist\u00f2ria de les Clarisses de Girona i la biografia de Santa Clara d&#039;Ass\u00eds<\/title>\n<meta name=\"description\" content=\"Coneix la hist\u00f2ria de les Clarisses al m\u00f3n i a Girona: una vida lligada a la de D\u00e9u. Descobreix aqu\u00ed la biografia de Santa Clara i Sant Francesc d&#039;Ass\u00eds.\" \/>\n<meta name=\"robots\" content=\"index, follow, max-snippet:-1, max-image-preview:large, max-video-preview:-1\" \/>\n<link rel=\"canonical\" href=\"https:\/\/clarisas.cat\/ca\/historia-clarisses-girona\/\" \/>\n<meta property=\"og:locale\" content=\"ca_ES\" \/>\n<meta property=\"og:type\" content=\"article\" \/>\n<meta property=\"og:title\" content=\"Hist\u00f2ria de les Clarisses de Girona i la biografia de Santa Clara d&#039;Ass\u00eds\" \/>\n<meta property=\"og:description\" content=\"Coneix la hist\u00f2ria de les Clarisses al m\u00f3n i a Girona: una vida lligada a la de D\u00e9u. Descobreix aqu\u00ed la biografia de Santa Clara i Sant Francesc d&#039;Ass\u00eds.\" \/>\n<meta property=\"og:url\" content=\"https:\/\/clarisas.cat\/ca\/historia-clarisses-girona\/\" \/>\n<meta property=\"og:site_name\" content=\"Fraternitat de Clarisses de Vilob\u00ed d\u2019Onyar - Girona | Hostatgeria\" \/>\n<meta property=\"article:publisher\" content=\"https:\/\/www.facebook.com\/claradassis.fraternitatgirona\" \/>\n<meta property=\"article:modified_time\" content=\"2021-11-23T14:31:05+00:00\" \/>\n<meta property=\"og:image\" content=\"https:\/\/clarisas.cat\/wp-content\/uploads\/2019\/08\/segunda-hoja.jpg\" \/>\n\t<meta property=\"og:image:width\" content=\"3347\" \/>\n\t<meta property=\"og:image:height\" content=\"1902\" \/>\n<meta name=\"twitter:card\" content=\"summary_large_image\" \/>\n<meta name=\"twitter:site\" content=\"@clarisasvilobi\" \/>\n<meta name=\"twitter:label1\" content=\"Temps estimat de lectura\" \/>\n\t<meta name=\"twitter:data1\" content=\"4 minuts\" \/>\n<script type=\"application\/ld+json\" class=\"yoast-schema-graph\">{\"@context\":\"https:\/\/schema.org\",\"@graph\":[{\"@type\":\"WebSite\",\"@id\":\"https:\/\/clarisas.cat\/ca\/#website\",\"url\":\"https:\/\/clarisas.cat\/ca\/\",\"name\":\"Fraternitat de Clarisses de Vilob\\u00ed d\\u2019Onyar - Girona | Hostatgeria\",\"description\":\"Les Clarisses de Girona desitgem compartir la riquesa i joia de viure, des de la fraternitat i la preg\\u00e0ria. Obert a tothom que vulgui compartir la preg\\u00e0ria.\",\"potentialAction\":[{\"@type\":\"SearchAction\",\"target\":{\"@type\":\"EntryPoint\",\"urlTemplate\":\"https:\/\/clarisas.cat\/ca\/?s={search_term_string}\"},\"query-input\":\"required name=search_term_string\"}],\"inLanguage\":\"ca\"},{\"@type\":\"ImageObject\",\"@id\":\"https:\/\/clarisas.cat\/ca\/historia-clarisses-girona\/#primaryimage\",\"inLanguage\":\"ca\",\"url\":\"https:\/\/clarisas.cat\/wp-content\/uploads\/2019\/08\/segunda-hoja.jpg\",\"contentUrl\":\"https:\/\/clarisas.cat\/wp-content\/uploads\/2019\/08\/segunda-hoja.jpg\",\"width\":3347,\"height\":1902},{\"@type\":\"WebPage\",\"@id\":\"https:\/\/clarisas.cat\/ca\/historia-clarisses-girona\/#webpage\",\"url\":\"https:\/\/clarisas.cat\/ca\/historia-clarisses-girona\/\",\"name\":\"Hist\\u00f2ria de les Clarisses de Girona i la biografia de Santa Clara d'Ass\\u00eds\",\"isPartOf\":{\"@id\":\"https:\/\/clarisas.cat\/ca\/#website\"},\"primaryImageOfPage\":{\"@id\":\"https:\/\/clarisas.cat\/ca\/historia-clarisses-girona\/#primaryimage\"},\"datePublished\":\"2019-07-19T11:48:13+00:00\",\"dateModified\":\"2021-11-23T14:31:05+00:00\",\"description\":\"Coneix la hist\\u00f2ria de les Clarisses al m\\u00f3n i a Girona: una vida lligada a la de D\\u00e9u. Descobreix aqu\\u00ed la biografia de Santa Clara i Sant Francesc d'Ass\\u00eds.\",\"breadcrumb\":{\"@id\":\"https:\/\/clarisas.cat\/ca\/historia-clarisses-girona\/#breadcrumb\"},\"inLanguage\":\"ca\",\"potentialAction\":[{\"@type\":\"ReadAction\",\"target\":[\"https:\/\/clarisas.cat\/ca\/historia-clarisses-girona\/\"]}]},{\"@type\":\"BreadcrumbList\",\"@id\":\"https:\/\/clarisas.cat\/ca\/historia-clarisses-girona\/#breadcrumb\",\"itemListElement\":[{\"@type\":\"ListItem\",\"position\":1,\"name\":\"Inici\",\"item\":\"https:\/\/clarisas.cat\/ca\/\"},{\"@type\":\"ListItem\",\"position\":2,\"name\":\"Nosaltres\"}]}]}<\/script>\n<!-- \/ Yoast SEO plugin. -->","yoast_head_json":{"title":"Hist\u00f2ria de les Clarisses de Girona i la biografia de Santa Clara d'Ass\u00eds","description":"Coneix la hist\u00f2ria de les Clarisses al m\u00f3n i a Girona: una vida lligada a la de D\u00e9u. Descobreix aqu\u00ed la biografia de Santa Clara i Sant Francesc d'Ass\u00eds.","robots":{"index":"index","follow":"follow","max-snippet":"max-snippet:-1","max-image-preview":"max-image-preview:large","max-video-preview":"max-video-preview:-1"},"canonical":"https:\/\/clarisas.cat\/ca\/historia-clarisses-girona\/","og_locale":"ca_ES","og_type":"article","og_title":"Hist\u00f2ria de les Clarisses de Girona i la biografia de Santa Clara d'Ass\u00eds","og_description":"Coneix la hist\u00f2ria de les Clarisses al m\u00f3n i a Girona: una vida lligada a la de D\u00e9u. Descobreix aqu\u00ed la biografia de Santa Clara i Sant Francesc d'Ass\u00eds.","og_url":"https:\/\/clarisas.cat\/ca\/historia-clarisses-girona\/","og_site_name":"Fraternitat de Clarisses de Vilob\u00ed d\u2019Onyar - Girona | Hostatgeria","article_publisher":"https:\/\/www.facebook.com\/claradassis.fraternitatgirona","article_modified_time":"2021-11-23T14:31:05+00:00","og_image":[{"width":3347,"height":1902,"url":"https:\/\/clarisas.cat\/wp-content\/uploads\/2019\/08\/segunda-hoja.jpg","type":"image\/jpeg"}],"twitter_card":"summary_large_image","twitter_site":"@clarisasvilobi","twitter_misc":{"Temps estimat de lectura":"4 minuts"},"schema":{"@context":"https:\/\/schema.org","@graph":[{"@type":"WebSite","@id":"https:\/\/clarisas.cat\/ca\/#website","url":"https:\/\/clarisas.cat\/ca\/","name":"Fraternitat de Clarisses de Vilob\u00ed d\u2019Onyar - Girona | Hostatgeria","description":"Les Clarisses de Girona desitgem compartir la riquesa i joia de viure, des de la fraternitat i la preg\u00e0ria. Obert a tothom que vulgui compartir la preg\u00e0ria.","potentialAction":[{"@type":"SearchAction","target":{"@type":"EntryPoint","urlTemplate":"https:\/\/clarisas.cat\/ca\/?s={search_term_string}"},"query-input":"required name=search_term_string"}],"inLanguage":"ca"},{"@type":"ImageObject","@id":"https:\/\/clarisas.cat\/ca\/historia-clarisses-girona\/#primaryimage","inLanguage":"ca","url":"https:\/\/clarisas.cat\/wp-content\/uploads\/2019\/08\/segunda-hoja.jpg","contentUrl":"https:\/\/clarisas.cat\/wp-content\/uploads\/2019\/08\/segunda-hoja.jpg","width":3347,"height":1902},{"@type":"WebPage","@id":"https:\/\/clarisas.cat\/ca\/historia-clarisses-girona\/#webpage","url":"https:\/\/clarisas.cat\/ca\/historia-clarisses-girona\/","name":"Hist\u00f2ria de les Clarisses de Girona i la biografia de Santa Clara d'Ass\u00eds","isPartOf":{"@id":"https:\/\/clarisas.cat\/ca\/#website"},"primaryImageOfPage":{"@id":"https:\/\/clarisas.cat\/ca\/historia-clarisses-girona\/#primaryimage"},"datePublished":"2019-07-19T11:48:13+00:00","dateModified":"2021-11-23T14:31:05+00:00","description":"Coneix la hist\u00f2ria de les Clarisses al m\u00f3n i a Girona: una vida lligada a la de D\u00e9u. Descobreix aqu\u00ed la biografia de Santa Clara i Sant Francesc d'Ass\u00eds.","breadcrumb":{"@id":"https:\/\/clarisas.cat\/ca\/historia-clarisses-girona\/#breadcrumb"},"inLanguage":"ca","potentialAction":[{"@type":"ReadAction","target":["https:\/\/clarisas.cat\/ca\/historia-clarisses-girona\/"]}]},{"@type":"BreadcrumbList","@id":"https:\/\/clarisas.cat\/ca\/historia-clarisses-girona\/#breadcrumb","itemListElement":[{"@type":"ListItem","position":1,"name":"Inici","item":"https:\/\/clarisas.cat\/ca\/"},{"@type":"ListItem","position":2,"name":"Nosaltres"}]}]}},"_links":{"self":[{"href":"https:\/\/clarisas.cat\/ca\/wp-json\/wp\/v2\/pages\/15483"}],"collection":[{"href":"https:\/\/clarisas.cat\/ca\/wp-json\/wp\/v2\/pages"}],"about":[{"href":"https:\/\/clarisas.cat\/ca\/wp-json\/wp\/v2\/types\/page"}],"author":[{"embeddable":true,"href":"https:\/\/clarisas.cat\/ca\/wp-json\/wp\/v2\/users\/2"}],"replies":[{"embeddable":true,"href":"https:\/\/clarisas.cat\/ca\/wp-json\/wp\/v2\/comments?post=15483"}],"version-history":[{"count":100,"href":"https:\/\/clarisas.cat\/ca\/wp-json\/wp\/v2\/pages\/15483\/revisions"}],"predecessor-version":[{"id":17420,"href":"https:\/\/clarisas.cat\/ca\/wp-json\/wp\/v2\/pages\/15483\/revisions\/17420"}],"wp:featuredmedia":[{"embeddable":true,"href":"https:\/\/clarisas.cat\/ca\/wp-json\/wp\/v2\/media\/16335"}],"wp:attachment":[{"href":"https:\/\/clarisas.cat\/ca\/wp-json\/wp\/v2\/media?parent=15483"}],"curies":[{"name":"wp","href":"https:\/\/api.w.org\/{rel}","templated":true}]}}