{"id":15512,"date":"2019-07-19T17:17:53","date_gmt":"2019-07-19T15:17:53","guid":{"rendered":"https:\/\/clarisas.cat\/?page_id=15512"},"modified":"2021-11-23T15:27:12","modified_gmt":"2021-11-23T14:27:12","slug":"noticies","status":"publish","type":"page","link":"https:\/\/clarisas.cat\/ca\/noticies\/","title":{"rendered":"Not\u00edcies"},"content":{"rendered":"","protected":false},"excerpt":{"rendered":"","protected":false},"author":2,"featured_media":0,"parent":0,"menu_order":0,"comment_status":"open","ping_status":"closed","template":"blog-masonry-date-in-image.php","meta":[],"yoast_head":"<!-- This site is optimized with the Yoast SEO plugin v17.6 - https:\/\/yoast.com\/wordpress\/plugins\/seo\/ -->\n<title>Not\u00edcies de la Fraternitat de Clarisses de Vilob\u00ed d&#039;Onyar - Girona<\/title>\n<meta name=\"description\" content=\"Coneix les \u00faltimes not\u00edcies de la Fraternitat de Clarisses i de la nostra fam\u00edlia religiosa clariana a Girona i al m\u00f3n.\" \/>\n<meta name=\"robots\" content=\"index, follow, max-snippet:-1, max-image-preview:large, max-video-preview:-1\" \/>\n<link rel=\"canonical\" href=\"https:\/\/clarisas.cat\/ca\/noticies\/\" \/>\n<meta property=\"og:locale\" content=\"ca_ES\" \/>\n<meta property=\"og:type\" content=\"article\" \/>\n<meta property=\"og:title\" content=\"Not\u00edcies de la Fraternitat de Clarisses de Vilob\u00ed d&#039;Onyar - Girona\" \/>\n<meta property=\"og:description\" content=\"Coneix les \u00faltimes not\u00edcies de la Fraternitat de Clarisses i de la nostra fam\u00edlia religiosa clariana a Girona i al m\u00f3n.\" \/>\n<meta property=\"og:url\" content=\"https:\/\/clarisas.cat\/ca\/noticies\/\" \/>\n<meta property=\"og:site_name\" content=\"Fraternitat de Clarisses de Vilob\u00ed d\u2019Onyar - Girona | Hostatgeria\" \/>\n<meta property=\"article:publisher\" content=\"https:\/\/www.facebook.com\/claradassis.fraternitatgirona\" \/>\n<meta property=\"article:modified_time\" content=\"2021-11-23T14:27:12+00:00\" \/>\n<meta name=\"twitter:card\" content=\"summary_large_image\" \/>\n<meta name=\"twitter:site\" content=\"@clarisasvilobi\" \/>\n<script type=\"application\/ld+json\" class=\"yoast-schema-graph\">{\"@context\":\"https:\/\/schema.org\",\"@graph\":[{\"@type\":\"WebSite\",\"@id\":\"https:\/\/clarisas.cat\/ca\/#website\",\"url\":\"https:\/\/clarisas.cat\/ca\/\",\"name\":\"Fraternitat de Clarisses de Vilob\\u00ed d\\u2019Onyar - Girona | Hostatgeria\",\"description\":\"Les Clarisses de Girona desitgem compartir la riquesa i joia de viure, des de la fraternitat i la preg\\u00e0ria. Obert a tothom que vulgui compartir la preg\\u00e0ria.\",\"potentialAction\":[{\"@type\":\"SearchAction\",\"target\":{\"@type\":\"EntryPoint\",\"urlTemplate\":\"https:\/\/clarisas.cat\/ca\/?s={search_term_string}\"},\"query-input\":\"required name=search_term_string\"}],\"inLanguage\":\"ca\"},{\"@type\":\"WebPage\",\"@id\":\"https:\/\/clarisas.cat\/ca\/noticies\/#webpage\",\"url\":\"https:\/\/clarisas.cat\/ca\/noticies\/\",\"name\":\"Not\\u00edcies de la Fraternitat de Clarisses de Vilob\\u00ed d'Onyar - Girona\",\"isPartOf\":{\"@id\":\"https:\/\/clarisas.cat\/ca\/#website\"},\"datePublished\":\"2019-07-19T15:17:53+00:00\",\"dateModified\":\"2021-11-23T14:27:12+00:00\",\"description\":\"Coneix les \\u00faltimes not\\u00edcies de la Fraternitat de Clarisses i de la nostra fam\\u00edlia religiosa clariana a Girona i al m\\u00f3n.\",\"breadcrumb\":{\"@id\":\"https:\/\/clarisas.cat\/ca\/noticies\/#breadcrumb\"},\"inLanguage\":\"ca\",\"potentialAction\":[{\"@type\":\"ReadAction\",\"target\":[\"https:\/\/clarisas.cat\/ca\/noticies\/\"]}]},{\"@type\":\"BreadcrumbList\",\"@id\":\"https:\/\/clarisas.cat\/ca\/noticies\/#breadcrumb\",\"itemListElement\":[{\"@type\":\"ListItem\",\"position\":1,\"name\":\"Inici\",\"item\":\"https:\/\/clarisas.cat\/ca\/\"},{\"@type\":\"ListItem\",\"position\":2,\"name\":\"Not\\u00edcies\"}]}]}<\/script>\n<!-- \/ Yoast SEO plugin. -->","yoast_head_json":{"title":"Not\u00edcies de la Fraternitat de Clarisses de Vilob\u00ed d'Onyar - Girona","description":"Coneix les \u00faltimes not\u00edcies de la Fraternitat de Clarisses i de la nostra fam\u00edlia religiosa clariana a Girona i al m\u00f3n.","robots":{"index":"index","follow":"follow","max-snippet":"max-snippet:-1","max-image-preview":"max-image-preview:large","max-video-preview":"max-video-preview:-1"},"canonical":"https:\/\/clarisas.cat\/ca\/noticies\/","og_locale":"ca_ES","og_type":"article","og_title":"Not\u00edcies de la Fraternitat de Clarisses de Vilob\u00ed d'Onyar - Girona","og_description":"Coneix les \u00faltimes not\u00edcies de la Fraternitat de Clarisses i de la nostra fam\u00edlia religiosa clariana a Girona i al m\u00f3n.","og_url":"https:\/\/clarisas.cat\/ca\/noticies\/","og_site_name":"Fraternitat de Clarisses de Vilob\u00ed d\u2019Onyar - Girona | Hostatgeria","article_publisher":"https:\/\/www.facebook.com\/claradassis.fraternitatgirona","article_modified_time":"2021-11-23T14:27:12+00:00","twitter_card":"summary_large_image","twitter_site":"@clarisasvilobi","schema":{"@context":"https:\/\/schema.org","@graph":[{"@type":"WebSite","@id":"https:\/\/clarisas.cat\/ca\/#website","url":"https:\/\/clarisas.cat\/ca\/","name":"Fraternitat de Clarisses de Vilob\u00ed d\u2019Onyar - Girona | Hostatgeria","description":"Les Clarisses de Girona desitgem compartir la riquesa i joia de viure, des de la fraternitat i la preg\u00e0ria. Obert a tothom que vulgui compartir la preg\u00e0ria.","potentialAction":[{"@type":"SearchAction","target":{"@type":"EntryPoint","urlTemplate":"https:\/\/clarisas.cat\/ca\/?s={search_term_string}"},"query-input":"required name=search_term_string"}],"inLanguage":"ca"},{"@type":"WebPage","@id":"https:\/\/clarisas.cat\/ca\/noticies\/#webpage","url":"https:\/\/clarisas.cat\/ca\/noticies\/","name":"Not\u00edcies de la Fraternitat de Clarisses de Vilob\u00ed d'Onyar - Girona","isPartOf":{"@id":"https:\/\/clarisas.cat\/ca\/#website"},"datePublished":"2019-07-19T15:17:53+00:00","dateModified":"2021-11-23T14:27:12+00:00","description":"Coneix les \u00faltimes not\u00edcies de la Fraternitat de Clarisses i de la nostra fam\u00edlia religiosa clariana a Girona i al m\u00f3n.","breadcrumb":{"@id":"https:\/\/clarisas.cat\/ca\/noticies\/#breadcrumb"},"inLanguage":"ca","potentialAction":[{"@type":"ReadAction","target":["https:\/\/clarisas.cat\/ca\/noticies\/"]}]},{"@type":"BreadcrumbList","@id":"https:\/\/clarisas.cat\/ca\/noticies\/#breadcrumb","itemListElement":[{"@type":"ListItem","position":1,"name":"Inici","item":"https:\/\/clarisas.cat\/ca\/"},{"@type":"ListItem","position":2,"name":"Not\u00edcies"}]}]}},"_links":{"self":[{"href":"https:\/\/clarisas.cat\/ca\/wp-json\/wp\/v2\/pages\/15512"}],"collection":[{"href":"https:\/\/clarisas.cat\/ca\/wp-json\/wp\/v2\/pages"}],"about":[{"href":"https:\/\/clarisas.cat\/ca\/wp-json\/wp\/v2\/types\/page"}],"author":[{"embeddable":true,"href":"https:\/\/clarisas.cat\/ca\/wp-json\/wp\/v2\/users\/2"}],"replies":[{"embeddable":true,"href":"https:\/\/clarisas.cat\/ca\/wp-json\/wp\/v2\/comments?post=15512"}],"version-history":[{"count":6,"href":"https:\/\/clarisas.cat\/ca\/wp-json\/wp\/v2\/pages\/15512\/revisions"}],"predecessor-version":[{"id":15526,"href":"https:\/\/clarisas.cat\/ca\/wp-json\/wp\/v2\/pages\/15512\/revisions\/15526"}],"wp:attachment":[{"href":"https:\/\/clarisas.cat\/ca\/wp-json\/wp\/v2\/media?parent=15512"}],"curies":[{"name":"wp","href":"https:\/\/api.w.org\/{rel}","templated":true}]}}