{"id":15538,"date":"2019-07-19T17:37:32","date_gmt":"2019-07-19T15:37:32","guid":{"rendered":"https:\/\/clarisas.cat\/?page_id=15538"},"modified":"2021-11-23T15:33:11","modified_gmt":"2021-11-23T14:33:11","slug":"avis-legal","status":"publish","type":"page","link":"https:\/\/clarisas.cat\/ca\/avis-legal\/","title":{"rendered":"Av\u00eds legal"},"content":{"rendered":"<p>[vc_row css_animation=&#8221;&#8221; row_type=&#8221;row&#8221; use_row_as_full_screen_section=&#8221;no&#8221; type=&#8221;grid&#8221; angled_section=&#8221;no&#8221; text_align=&#8221;left&#8221; background_image_as_pattern=&#8221;without_pattern&#8221; padding_bottom=&#8221;37&#8243;][vc_column][vc_column_text]<\/p>\n<h5>Av\u00eds legal<\/h5>\n<p>[\/vc_column_text][vc_separator type=&#8221;transparent&#8221; up=&#8221;16&#8243; down=&#8221;0&#8243;][vc_column_text]La web de Fraternitat de santa Clara, t\u00e9 per objecte fer con\u00e8ixer la vida i la vocaci\u00f3 de les germanes Clarisses i les activitats que es duen a terme\u00a0 en la nostra Fraternidad de santa Clara o en l&#8217;Orde de Santa Clara. La Fraternitat de Santa Clara, de Vilob\u00ed d&#8217;onyar,\u00a0 es reserva el dret d\u2019efectuar, en qualsevol moment i sense av\u00eds previ, modificacions de la informaci\u00f3 continguda en la seva web o en la seva configuraci\u00f3 i presentaci\u00f3 d\u2019aquesta. En accedir a aquesta p\u00e0gina web s\u2019accepta que la Fraternitat de santa Clara no ser\u00e0 responsable de cap conseq\u00fc\u00e8ncia, dany o perjudici que es derivi de l\u2019acc\u00e9s o \u00fas de la informaci\u00f3 de la web o per l\u2019acc\u00e9s a altres mat\u00e8ries a Internet a trav\u00e9s de les connexions amb aquesta web.[\/vc_column_text][vc_separator type=&#8221;transparent&#8221; up=&#8221;50&#8243; down=&#8221;0&#8243;][\/vc_column][\/vc_row]<\/p>\n","protected":false},"excerpt":{"rendered":"<p>[vc_row css_animation=&#8221;&#8221; row_type=&#8221;row&#8221; use_row_as_full_screen_section=&#8221;no&#8221; type=&#8221;grid&#8221; angled_section=&#8221;no&#8221; text_align=&#8221;left&#8221; background_image_as_pattern=&#8221;without_pattern&#8221; padding_bottom=&#8221;37&#8243;][vc_column][vc_column_text] Av\u00eds legal [\/vc_column_text][vc_separator type=&#8221;transparent&#8221; up=&#8221;16&#8243; down=&#8221;0&#8243;][vc_column_text]La web de Fraternitat de santa Clara, t\u00e9 per objecte fer con\u00e8ixer la vida i la vocaci\u00f3 de les germanes Clarisses i les activitats que es duen a terme\u00a0 en la&#8230;<\/p>\n","protected":false},"author":2,"featured_media":0,"parent":0,"menu_order":0,"comment_status":"closed","ping_status":"closed","template":"","meta":[],"yoast_head":"<!-- This site is optimized with the Yoast SEO plugin v17.6 - https:\/\/yoast.com\/wordpress\/plugins\/seo\/ -->\n<title>Av\u00eds legal - Fraternitat de Clarisses de Vilob\u00ed d\u2019Onyar - Girona | Hostatgeria<\/title>\n<meta name=\"robots\" content=\"noindex, nofollow\" \/>\n<meta property=\"og:locale\" content=\"ca_ES\" \/>\n<meta property=\"og:type\" content=\"article\" \/>\n<meta property=\"og:title\" content=\"Av\u00eds legal - Fraternitat de Clarisses de Vilob\u00ed d\u2019Onyar - Girona | Hostatgeria\" \/>\n<meta property=\"og:description\" content=\"[vc_row css_animation=&#8221;&#8221; row_type=&#8221;row&#8221; use_row_as_full_screen_section=&#8221;no&#8221; type=&#8221;grid&#8221; angled_section=&#8221;no&#8221; text_align=&#8221;left&#8221; background_image_as_pattern=&#8221;without_pattern&#8221; padding_bottom=&#8221;37&#8243;][vc_column][vc_column_text] Av\u00eds legal [\/vc_column_text][vc_separator type=&#8221;transparent&#8221; up=&#8221;16&#8243; down=&#8221;0&#8243;][vc_column_text]La web de Fraternitat de santa Clara, t\u00e9 per objecte fer con\u00e8ixer la vida i la vocaci\u00f3 de les germanes Clarisses i les activitats que es duen a terme\u00a0 en la...\" \/>\n<meta property=\"og:url\" content=\"https:\/\/clarisas.cat\/ca\/avis-legal\/\" \/>\n<meta property=\"og:site_name\" content=\"Fraternitat de Clarisses de Vilob\u00ed d\u2019Onyar - Girona | Hostatgeria\" \/>\n<meta property=\"article:publisher\" content=\"https:\/\/www.facebook.com\/claradassis.fraternitatgirona\" \/>\n<meta property=\"article:modified_time\" content=\"2021-11-23T14:33:11+00:00\" \/>\n<meta name=\"twitter:card\" content=\"summary_large_image\" \/>\n<meta name=\"twitter:site\" content=\"@clarisasvilobi\" \/>\n<meta name=\"twitter:label1\" content=\"Temps estimat de lectura\" \/>\n\t<meta name=\"twitter:data1\" content=\"1 minut\" \/>\n<script type=\"application\/ld+json\" class=\"yoast-schema-graph\">{\"@context\":\"https:\/\/schema.org\",\"@graph\":[{\"@type\":\"WebSite\",\"@id\":\"https:\/\/clarisas.cat\/ca\/#website\",\"url\":\"https:\/\/clarisas.cat\/ca\/\",\"name\":\"Fraternitat de Clarisses de Vilob\\u00ed d\\u2019Onyar - Girona | Hostatgeria\",\"description\":\"Les Clarisses de Girona desitgem compartir la riquesa i joia de viure, des de la fraternitat i la preg\\u00e0ria. Obert a tothom que vulgui compartir la preg\\u00e0ria.\",\"potentialAction\":[{\"@type\":\"SearchAction\",\"target\":{\"@type\":\"EntryPoint\",\"urlTemplate\":\"https:\/\/clarisas.cat\/ca\/?s={search_term_string}\"},\"query-input\":\"required name=search_term_string\"}],\"inLanguage\":\"ca\"},{\"@type\":\"WebPage\",\"@id\":\"https:\/\/clarisas.cat\/ca\/avis-legal\/#webpage\",\"url\":\"https:\/\/clarisas.cat\/ca\/avis-legal\/\",\"name\":\"Av\\u00eds legal - Fraternitat de Clarisses de Vilob\\u00ed d\\u2019Onyar - Girona | Hostatgeria\",\"isPartOf\":{\"@id\":\"https:\/\/clarisas.cat\/ca\/#website\"},\"datePublished\":\"2019-07-19T15:37:32+00:00\",\"dateModified\":\"2021-11-23T14:33:11+00:00\",\"breadcrumb\":{\"@id\":\"https:\/\/clarisas.cat\/ca\/avis-legal\/#breadcrumb\"},\"inLanguage\":\"ca\",\"potentialAction\":[{\"@type\":\"ReadAction\",\"target\":[\"https:\/\/clarisas.cat\/ca\/avis-legal\/\"]}]},{\"@type\":\"BreadcrumbList\",\"@id\":\"https:\/\/clarisas.cat\/ca\/avis-legal\/#breadcrumb\",\"itemListElement\":[{\"@type\":\"ListItem\",\"position\":1,\"name\":\"Inici\",\"item\":\"https:\/\/clarisas.cat\/ca\/\"},{\"@type\":\"ListItem\",\"position\":2,\"name\":\"Av\\u00eds legal\"}]}]}<\/script>\n<!-- \/ Yoast SEO plugin. -->","yoast_head_json":{"title":"Av\u00eds legal - Fraternitat de Clarisses de Vilob\u00ed d\u2019Onyar - Girona | Hostatgeria","robots":{"index":"noindex","follow":"nofollow"},"og_locale":"ca_ES","og_type":"article","og_title":"Av\u00eds legal - Fraternitat de Clarisses de Vilob\u00ed d\u2019Onyar - Girona | Hostatgeria","og_description":"[vc_row css_animation=&#8221;&#8221; row_type=&#8221;row&#8221; use_row_as_full_screen_section=&#8221;no&#8221; type=&#8221;grid&#8221; angled_section=&#8221;no&#8221; text_align=&#8221;left&#8221; background_image_as_pattern=&#8221;without_pattern&#8221; padding_bottom=&#8221;37&#8243;][vc_column][vc_column_text] Av\u00eds legal [\/vc_column_text][vc_separator type=&#8221;transparent&#8221; up=&#8221;16&#8243; down=&#8221;0&#8243;][vc_column_text]La web de Fraternitat de santa Clara, t\u00e9 per objecte fer con\u00e8ixer la vida i la vocaci\u00f3 de les germanes Clarisses i les activitats que es duen a terme\u00a0 en la...","og_url":"https:\/\/clarisas.cat\/ca\/avis-legal\/","og_site_name":"Fraternitat de Clarisses de Vilob\u00ed d\u2019Onyar - Girona | Hostatgeria","article_publisher":"https:\/\/www.facebook.com\/claradassis.fraternitatgirona","article_modified_time":"2021-11-23T14:33:11+00:00","twitter_card":"summary_large_image","twitter_site":"@clarisasvilobi","twitter_misc":{"Temps estimat de lectura":"1 minut"},"schema":{"@context":"https:\/\/schema.org","@graph":[{"@type":"WebSite","@id":"https:\/\/clarisas.cat\/ca\/#website","url":"https:\/\/clarisas.cat\/ca\/","name":"Fraternitat de Clarisses de Vilob\u00ed d\u2019Onyar - Girona | Hostatgeria","description":"Les Clarisses de Girona desitgem compartir la riquesa i joia de viure, des de la fraternitat i la preg\u00e0ria. Obert a tothom que vulgui compartir la preg\u00e0ria.","potentialAction":[{"@type":"SearchAction","target":{"@type":"EntryPoint","urlTemplate":"https:\/\/clarisas.cat\/ca\/?s={search_term_string}"},"query-input":"required name=search_term_string"}],"inLanguage":"ca"},{"@type":"WebPage","@id":"https:\/\/clarisas.cat\/ca\/avis-legal\/#webpage","url":"https:\/\/clarisas.cat\/ca\/avis-legal\/","name":"Av\u00eds legal - Fraternitat de Clarisses de Vilob\u00ed d\u2019Onyar - Girona | Hostatgeria","isPartOf":{"@id":"https:\/\/clarisas.cat\/ca\/#website"},"datePublished":"2019-07-19T15:37:32+00:00","dateModified":"2021-11-23T14:33:11+00:00","breadcrumb":{"@id":"https:\/\/clarisas.cat\/ca\/avis-legal\/#breadcrumb"},"inLanguage":"ca","potentialAction":[{"@type":"ReadAction","target":["https:\/\/clarisas.cat\/ca\/avis-legal\/"]}]},{"@type":"BreadcrumbList","@id":"https:\/\/clarisas.cat\/ca\/avis-legal\/#breadcrumb","itemListElement":[{"@type":"ListItem","position":1,"name":"Inici","item":"https:\/\/clarisas.cat\/ca\/"},{"@type":"ListItem","position":2,"name":"Av\u00eds legal"}]}]}},"_links":{"self":[{"href":"https:\/\/clarisas.cat\/ca\/wp-json\/wp\/v2\/pages\/15538"}],"collection":[{"href":"https:\/\/clarisas.cat\/ca\/wp-json\/wp\/v2\/pages"}],"about":[{"href":"https:\/\/clarisas.cat\/ca\/wp-json\/wp\/v2\/types\/page"}],"author":[{"embeddable":true,"href":"https:\/\/clarisas.cat\/ca\/wp-json\/wp\/v2\/users\/2"}],"replies":[{"embeddable":true,"href":"https:\/\/clarisas.cat\/ca\/wp-json\/wp\/v2\/comments?post=15538"}],"version-history":[{"count":4,"href":"https:\/\/clarisas.cat\/ca\/wp-json\/wp\/v2\/pages\/15538\/revisions"}],"predecessor-version":[{"id":17185,"href":"https:\/\/clarisas.cat\/ca\/wp-json\/wp\/v2\/pages\/15538\/revisions\/17185"}],"wp:attachment":[{"href":"https:\/\/clarisas.cat\/ca\/wp-json\/wp\/v2\/media?parent=15538"}],"curies":[{"name":"wp","href":"https:\/\/api.w.org\/{rel}","templated":true}]}}