{"id":15541,"date":"2019-07-19T17:38:12","date_gmt":"2019-07-19T15:38:12","guid":{"rendered":"https:\/\/clarisas.cat\/?page_id=15541"},"modified":"2021-11-23T15:33:35","modified_gmt":"2021-11-23T14:33:35","slug":"cookies","status":"publish","type":"page","link":"https:\/\/clarisas.cat\/ca\/cookies\/","title":{"rendered":"Pol\u00edtica de cookies"},"content":{"rendered":"<p>[vc_row css_animation=&#8221;&#8221; row_type=&#8221;row&#8221; use_row_as_full_screen_section=&#8221;no&#8221; type=&#8221;grid&#8221; angled_section=&#8221;no&#8221; text_align=&#8221;left&#8221; background_image_as_pattern=&#8221;without_pattern&#8221; padding_bottom=&#8221;37&#8243;][vc_column][vc_column_text]Pol\u00edtica de Cookies[\/vc_column_text][vc_separator type=&#8221;transparent&#8221; up=&#8221;16&#8243; down=&#8221;0&#8243;][vc_column_text]La Fraternitat de santa Clara us informa que la navegaci\u00f3 d\u2019un usuari per aquest web deixa com a rastre l\u2019adre\u00e7a IP que li ha estat assignada pel seu prove\u00efdor d\u2019acc\u00e9s a Internet. Nom\u00e9s es fa servir aquesta adre\u00e7a per a fins exclusivament interns, com s\u00f3n les estad\u00edstiques d\u2019acc\u00e9s al Portal.<\/p>\n<p>Per a la utilitzaci\u00f3 d\u2019aquesta web, \u00e9s possible que es facin servir cookies. Les cookies que es puguin utilitzar s\u2019associen \u00fanicament amb el navegador d\u2019un ordinador determinat (un usuari an\u00f2nim), i no proporcionen per si mateixes cap dada personal de l\u2019usuari.<\/p>\n<p>&nbsp;<\/p>\n<div class=\"cli_settings_button\">\n<div style=\"color: #ffffff; background-color: #ca9e6d; display: inline-block; padding: 5px 10px;\">Panell de cookies<\/div>\n<\/div>\n<p>[\/vc_column_text][vc_separator type=&#8221;transparent&#8221; up=&#8221;50&#8243; down=&#8221;0&#8243;][\/vc_column][\/vc_row]<\/p>\n","protected":false},"excerpt":{"rendered":"<p>[vc_row css_animation=&#8221;&#8221; row_type=&#8221;row&#8221; use_row_as_full_screen_section=&#8221;no&#8221; type=&#8221;grid&#8221; angled_section=&#8221;no&#8221; text_align=&#8221;left&#8221; background_image_as_pattern=&#8221;without_pattern&#8221; padding_bottom=&#8221;37&#8243;][vc_column][vc_column_text]Pol\u00edtica de Cookies[\/vc_column_text][vc_separator type=&#8221;transparent&#8221; up=&#8221;16&#8243; down=&#8221;0&#8243;][vc_column_text]La Fraternitat de santa Clara us informa que la navegaci\u00f3 d\u2019un usuari per aquest web deixa com a rastre l\u2019adre\u00e7a IP que li ha estat assignada pel seu prove\u00efdor d\u2019acc\u00e9s a Internet&#8230;.<\/p>\n","protected":false},"author":2,"featured_media":0,"parent":0,"menu_order":0,"comment_status":"closed","ping_status":"closed","template":"","meta":[],"yoast_head":"<!-- This site is optimized with the Yoast SEO plugin v17.6 - https:\/\/yoast.com\/wordpress\/plugins\/seo\/ -->\n<title>Pol\u00edtica de cookies | Fraternitat de Clarisses de Vilob\u00ed d&#039;Onyar - Girona<\/title>\n<meta name=\"description\" content=\"Consulta la pol\u00edtica de cookies del web de la Fraternitat de Clarisses de Vilob\u00ed d&#039;Onyar - Girona\" \/>\n<meta name=\"robots\" content=\"noindex, nofollow\" \/>\n<meta property=\"og:locale\" content=\"ca_ES\" \/>\n<meta property=\"og:type\" content=\"article\" \/>\n<meta property=\"og:title\" content=\"Pol\u00edtica de cookies | Fraternitat de Clarisses de Vilob\u00ed d&#039;Onyar - Girona\" \/>\n<meta property=\"og:description\" content=\"Consulta la pol\u00edtica de cookies del web de la Fraternitat de Clarisses de Vilob\u00ed d&#039;Onyar - Girona\" \/>\n<meta property=\"og:url\" content=\"https:\/\/clarisas.cat\/ca\/cookies\/\" \/>\n<meta property=\"og:site_name\" content=\"Fraternitat de Clarisses de Vilob\u00ed d\u2019Onyar - Girona | Hostatgeria\" \/>\n<meta property=\"article:publisher\" content=\"https:\/\/www.facebook.com\/claradassis.fraternitatgirona\" \/>\n<meta property=\"article:modified_time\" content=\"2021-11-23T14:33:35+00:00\" \/>\n<meta name=\"twitter:card\" content=\"summary_large_image\" \/>\n<meta name=\"twitter:site\" content=\"@clarisasvilobi\" \/>\n<meta name=\"twitter:label1\" content=\"Temps estimat de lectura\" \/>\n\t<meta name=\"twitter:data1\" content=\"1 minut\" \/>\n<script type=\"application\/ld+json\" class=\"yoast-schema-graph\">{\"@context\":\"https:\/\/schema.org\",\"@graph\":[{\"@type\":\"WebSite\",\"@id\":\"https:\/\/clarisas.cat\/ca\/#website\",\"url\":\"https:\/\/clarisas.cat\/ca\/\",\"name\":\"Fraternitat de Clarisses de Vilob\\u00ed d\\u2019Onyar - Girona | Hostatgeria\",\"description\":\"Les Clarisses de Girona desitgem compartir la riquesa i joia de viure, des de la fraternitat i la preg\\u00e0ria. Obert a tothom que vulgui compartir la preg\\u00e0ria.\",\"potentialAction\":[{\"@type\":\"SearchAction\",\"target\":{\"@type\":\"EntryPoint\",\"urlTemplate\":\"https:\/\/clarisas.cat\/ca\/?s={search_term_string}\"},\"query-input\":\"required name=search_term_string\"}],\"inLanguage\":\"ca\"},{\"@type\":\"WebPage\",\"@id\":\"https:\/\/clarisas.cat\/ca\/cookies\/#webpage\",\"url\":\"https:\/\/clarisas.cat\/ca\/cookies\/\",\"name\":\"Pol\\u00edtica de cookies | Fraternitat de Clarisses de Vilob\\u00ed d'Onyar - Girona\",\"isPartOf\":{\"@id\":\"https:\/\/clarisas.cat\/ca\/#website\"},\"datePublished\":\"2019-07-19T15:38:12+00:00\",\"dateModified\":\"2021-11-23T14:33:35+00:00\",\"description\":\"Consulta la pol\\u00edtica de cookies del web de la Fraternitat de Clarisses de Vilob\\u00ed d'Onyar - Girona\",\"breadcrumb\":{\"@id\":\"https:\/\/clarisas.cat\/ca\/cookies\/#breadcrumb\"},\"inLanguage\":\"ca\",\"potentialAction\":[{\"@type\":\"ReadAction\",\"target\":[\"https:\/\/clarisas.cat\/ca\/cookies\/\"]}]},{\"@type\":\"BreadcrumbList\",\"@id\":\"https:\/\/clarisas.cat\/ca\/cookies\/#breadcrumb\",\"itemListElement\":[{\"@type\":\"ListItem\",\"position\":1,\"name\":\"Inici\",\"item\":\"https:\/\/clarisas.cat\/ca\/\"},{\"@type\":\"ListItem\",\"position\":2,\"name\":\"Pol\\u00edtica de cookies\"}]}]}<\/script>\n<!-- \/ Yoast SEO plugin. -->","yoast_head_json":{"title":"Pol\u00edtica de cookies | Fraternitat de Clarisses de Vilob\u00ed d'Onyar - Girona","description":"Consulta la pol\u00edtica de cookies del web de la Fraternitat de Clarisses de Vilob\u00ed d'Onyar - Girona","robots":{"index":"noindex","follow":"nofollow"},"og_locale":"ca_ES","og_type":"article","og_title":"Pol\u00edtica de cookies | Fraternitat de Clarisses de Vilob\u00ed d'Onyar - Girona","og_description":"Consulta la pol\u00edtica de cookies del web de la Fraternitat de Clarisses de Vilob\u00ed d'Onyar - Girona","og_url":"https:\/\/clarisas.cat\/ca\/cookies\/","og_site_name":"Fraternitat de Clarisses de Vilob\u00ed d\u2019Onyar - Girona | Hostatgeria","article_publisher":"https:\/\/www.facebook.com\/claradassis.fraternitatgirona","article_modified_time":"2021-11-23T14:33:35+00:00","twitter_card":"summary_large_image","twitter_site":"@clarisasvilobi","twitter_misc":{"Temps estimat de lectura":"1 minut"},"schema":{"@context":"https:\/\/schema.org","@graph":[{"@type":"WebSite","@id":"https:\/\/clarisas.cat\/ca\/#website","url":"https:\/\/clarisas.cat\/ca\/","name":"Fraternitat de Clarisses de Vilob\u00ed d\u2019Onyar - Girona | Hostatgeria","description":"Les Clarisses de Girona desitgem compartir la riquesa i joia de viure, des de la fraternitat i la preg\u00e0ria. Obert a tothom que vulgui compartir la preg\u00e0ria.","potentialAction":[{"@type":"SearchAction","target":{"@type":"EntryPoint","urlTemplate":"https:\/\/clarisas.cat\/ca\/?s={search_term_string}"},"query-input":"required name=search_term_string"}],"inLanguage":"ca"},{"@type":"WebPage","@id":"https:\/\/clarisas.cat\/ca\/cookies\/#webpage","url":"https:\/\/clarisas.cat\/ca\/cookies\/","name":"Pol\u00edtica de cookies | Fraternitat de Clarisses de Vilob\u00ed d'Onyar - Girona","isPartOf":{"@id":"https:\/\/clarisas.cat\/ca\/#website"},"datePublished":"2019-07-19T15:38:12+00:00","dateModified":"2021-11-23T14:33:35+00:00","description":"Consulta la pol\u00edtica de cookies del web de la Fraternitat de Clarisses de Vilob\u00ed d'Onyar - Girona","breadcrumb":{"@id":"https:\/\/clarisas.cat\/ca\/cookies\/#breadcrumb"},"inLanguage":"ca","potentialAction":[{"@type":"ReadAction","target":["https:\/\/clarisas.cat\/ca\/cookies\/"]}]},{"@type":"BreadcrumbList","@id":"https:\/\/clarisas.cat\/ca\/cookies\/#breadcrumb","itemListElement":[{"@type":"ListItem","position":1,"name":"Inici","item":"https:\/\/clarisas.cat\/ca\/"},{"@type":"ListItem","position":2,"name":"Pol\u00edtica de cookies"}]}]}},"_links":{"self":[{"href":"https:\/\/clarisas.cat\/ca\/wp-json\/wp\/v2\/pages\/15541"}],"collection":[{"href":"https:\/\/clarisas.cat\/ca\/wp-json\/wp\/v2\/pages"}],"about":[{"href":"https:\/\/clarisas.cat\/ca\/wp-json\/wp\/v2\/types\/page"}],"author":[{"embeddable":true,"href":"https:\/\/clarisas.cat\/ca\/wp-json\/wp\/v2\/users\/2"}],"replies":[{"embeddable":true,"href":"https:\/\/clarisas.cat\/ca\/wp-json\/wp\/v2\/comments?post=15541"}],"version-history":[{"count":8,"href":"https:\/\/clarisas.cat\/ca\/wp-json\/wp\/v2\/pages\/15541\/revisions"}],"predecessor-version":[{"id":17690,"href":"https:\/\/clarisas.cat\/ca\/wp-json\/wp\/v2\/pages\/15541\/revisions\/17690"}],"wp:attachment":[{"href":"https:\/\/clarisas.cat\/ca\/wp-json\/wp\/v2\/media?parent=15541"}],"curies":[{"name":"wp","href":"https:\/\/api.w.org\/{rel}","templated":true}]}}