{"id":17230,"date":"2019-10-16T12:25:05","date_gmt":"2019-10-16T10:25:05","guid":{"rendered":"https:\/\/clarisas.cat\/?page_id=17230"},"modified":"2019-10-16T12:25:05","modified_gmt":"2019-10-16T10:25:05","slug":"per-a-pregar","status":"publish","type":"page","link":"https:\/\/clarisas.cat\/ca\/per-a-pregar\/","title":{"rendered":"per a pregar"},"content":{"rendered":"<p>[vc_row css_animation=&#8221;&#8221; row_type=&#8221;row&#8221; use_row_as_full_screen_section=&#8221;no&#8221; type=&#8221;grid&#8221; angled_section=&#8221;no&#8221; text_align=&#8221;left&#8221; background_image_as_pattern=&#8221;without_pattern&#8221; padding_top=&#8221;70&#8243; padding_bottom=&#8221;60&#8243;][vc_column offset=&#8221;vc_col-xs-12&#8243;][vc_single_image image=&#8221;16140&#8243; img_size=&#8221;full&#8221; alignment=&#8221;center&#8221; qode_css_animation=&#8221;&#8221;][vc_separator type=&#8221;transparent&#8221; up=&#8221;16&#8243; down=&#8221;0&#8243;][vc_column_text]<\/p>\n<h2 style=\"text-align: center;\">Preguem per tu<\/h2>\n<p>[\/vc_column_text][vc_separator type=&#8221;transparent&#8221; up=&#8221;10&#8243; down=&#8221;0&#8243;][vc_column_text]<\/p>\n<p style=\"text-align: center;\"><span style=\"color: #000000;\"><strong>Com a germanes clarisses, hereves del patrimoni espiritual de Clara i Francesc d\u2019Ass\u00eds, la nostra \u201coraci\u00f3\u201d \u00e9s una roca a on es pot recolzar l\u2019Esgl\u00e9sia i tota la comunitat humana. Clara ens encoman\u00e0 a la germanes que f\u00e9ssim de \u201csostenidores dels membres m\u00e9s febles i necessitats del Cos m\u00edstic del Crist\u201d.<\/strong><\/span><\/p>\n<p>[\/vc_column_text][\/vc_column][\/vc_row][vc_row css_animation=&#8221;&#8221; row_type=&#8221;row&#8221; use_row_as_full_screen_section=&#8221;no&#8221; type=&#8221;grid&#8221; angled_section=&#8221;no&#8221; text_align=&#8221;left&#8221; background_image_as_pattern=&#8221;without_pattern&#8221; padding_bottom=&#8221;37&#8243;][vc_column width=&#8221;1\/2&#8243;][vc_separator type=&#8221;transparent&#8221; up=&#8221;2&#8243; down=&#8221;0&#8243;][vc_column_text]<\/p>\n<h5><span lang=\"CA\">La preg\u00e0ria no \u00e9s m\u00e9s que una manera d&#8217;estimar, de viure, de ser en el m\u00f3n i per al m\u00f3n.<\/span><\/h5>\n<p>[\/vc_column_text][vc_separator type=&#8221;transparent&#8221; up=&#8221;16&#8243; down=&#8221;0&#8243;][vc_column_text]<span style=\"color: #000000;\">Aquesta missi\u00f3 la complim perqu\u00e8 entre tota la creaci\u00f3 existeix una interconnexi\u00f3 misteriosa i divina a la vegada. Quan en l\u2019oraci\u00f3 obrim la nostra persona, en la seva totalitat, a D\u00e9u col\u00b7laborem a recrear i reviure la consci\u00e8ncia col\u00b7lectiva de la pres\u00e8ncia de la seva pres\u00e8ncia\u00a0 en el nostre m\u00f3n.<\/span>[\/vc_column_text][vc_separator type=&#8221;transparent&#8221; up=&#8221;16&#8243; down=&#8221;0&#8243;][vc_column_text]<span style=\"color: #000000;\">Una de les dimensions de la nostra missi\u00f3 orant \u00e9s alimentar i mantenir, en la mesura del possible, una vertadera uni\u00f3 en solidaritat amb tots els pobles i amb tots els seus habitants.<\/span><\/p>\n<p>&nbsp;<\/p>\n<p><span style=\"color: #000000;\">Una segona dimensi\u00f3 d\u2019aquesta missi\u00f3 contemplativa \u00e9s reflectir els valors evang\u00e8lics de fraternitat, solidaritat, servei&#8230; perqu\u00e8 es manifestin en totes les seves dimensions a la persona d\u2019avui.<\/span>[\/vc_column_text][vc_separator type=&#8221;transparent&#8221; up=&#8221;16&#8243; down=&#8221;0&#8243;][vc_column_text]<span style=\"color: #000000;\">D\u2019aqu\u00ed que en la nostra formaci\u00f3 espiritual existeixi una prioritat fonamental: descobrir i aprofundir, vital i personalment, l\u2019oraci\u00f3 contemplativa. Essent necessari per aix\u00f2 uns temps de soledat, uns espais per a l\u2019oraci\u00f3 i la reflexi\u00f3 personal, perqu\u00e8 ser\u00e0 la riquesa espiritual de cada germana la que enriqueixi la nostra oraci\u00f3 comunit\u00e0ria.<\/span>[\/vc_column_text][vc_separator type=&#8221;transparent&#8221; up=&#8221;16&#8243; down=&#8221;0&#8243;][vc_column_text]<span style=\"color: #000000;\">Com a filles de Francesc i Clara d\u2019Ass\u00eds, hem descobert que D\u00e9u ens crida a viure en profunda comuni\u00f3 amb tota la creaci\u00f3 i aix\u00f2 ens exigeix una forma de vida en simplicitat i respecte a la mare terra perqu\u00e8 \u00e9s ella \u201cla que ens nodreix i ens alimenta\u201d.<\/span>[\/vc_column_text][vc_separator type=&#8221;transparent&#8221; up=&#8221;50&#8243; down=&#8221;0&#8243;][\/vc_column][vc_column width=&#8221;1\/2&#8243;][vc_separator type=&#8221;transparent&#8221; up=&#8221;7&#8243; down=&#8221;0&#8243;][vc_separator type=&#8221;transparent&#8221; up=&#8221;7&#8243; down=&#8221;0&#8243;][vc_separator type=&#8221;transparent&#8221; up=&#8221;7&#8243; down=&#8221;0&#8243;][vc_single_image image=&#8221;16082&#8243; img_size=&#8221;full&#8221; alignment=&#8221;center&#8221; qode_css_animation=&#8221;element_from_fade&#8221; transition_delay=&#8221;0.4&#8243;][vc_separator type=&#8221;transparent&#8221; up=&#8221;50&#8243; down=&#8221;0&#8243;][\/vc_column][\/vc_row][vc_row css_animation=&#8221;&#8221; row_type=&#8221;row&#8221; use_row_as_full_screen_section=&#8221;no&#8221; type=&#8221;grid&#8221; angled_section=&#8221;no&#8221; text_align=&#8221;left&#8221; background_image_as_pattern=&#8221;without_pattern&#8221; padding_top=&#8221;70&#8243; padding_bottom=&#8221;60&#8243; background_image=&#8221;15320&#8243;][vc_column offset=&#8221;vc_col-lg-offset-1 vc_col-lg-10 vc_col-md-offset-1 vc_col-md-10 vc_col-xs-12&#8243;][vc_single_image image=&#8221;15667&#8243; img_size=&#8221;full&#8221; alignment=&#8221;center&#8221; qode_css_animation=&#8221;&#8221;][vc_separator type=&#8221;transparent&#8221; up=&#8221;16&#8243; down=&#8221;0&#8243;][vc_column_text]<\/p>\n<h2 style=\"text-align: center;\"><span style=\"color: #ccffff;\">Davant els ulls de D\u00e9u, cap necessitat \u00e9s insignificant o desproporcionada.<\/span><\/h2>\n<p>[\/vc_column_text][vc_separator type=&#8221;transparent&#8221; up=&#8221;10&#8243; down=&#8221;0&#8243;][vc_column_text]<\/p>\n<h5 style=\"text-align: center;\"><span style=\"color: #00ffff;\">Pots confiar-nos les teves inquietuds&#8230; les farem preg\u00e0ria.<\/span><\/h5>\n<p>[\/vc_column_text][\/vc_column][\/vc_row]<\/p>\n","protected":false},"excerpt":{"rendered":"<p>[vc_row css_animation=&#8221;&#8221; row_type=&#8221;row&#8221; use_row_as_full_screen_section=&#8221;no&#8221; type=&#8221;grid&#8221; angled_section=&#8221;no&#8221; text_align=&#8221;left&#8221; background_image_as_pattern=&#8221;without_pattern&#8221; padding_top=&#8221;70&#8243; padding_bottom=&#8221;60&#8243;][vc_column offset=&#8221;vc_col-xs-12&#8243;][vc_single_image image=&#8221;16140&#8243; img_size=&#8221;full&#8221; alignment=&#8221;center&#8221; qode_css_animation=&#8221;&#8221;][vc_separator type=&#8221;transparent&#8221; up=&#8221;16&#8243; down=&#8221;0&#8243;][vc_column_text] Preguem per tu [\/vc_column_text][vc_separator type=&#8221;transparent&#8221; up=&#8221;10&#8243; down=&#8221;0&#8243;][vc_column_text] Com a germanes clarisses, hereves del patrimoni espiritual de Clara i Francesc d\u2019Ass\u00eds, la nostra \u201coraci\u00f3\u201d \u00e9s una roca a&#8230;<\/p>\n","protected":false},"author":3,"featured_media":0,"parent":0,"menu_order":0,"comment_status":"open","ping_status":"closed","template":"full_width.php","meta":[],"yoast_head":"<!-- This site is optimized with the Yoast SEO plugin v17.6 - https:\/\/yoast.com\/wordpress\/plugins\/seo\/ -->\n<title>Oraci\u00f3 solid\u00e0ria i inclusiva | Fraternitat de Clarisses, Girona<\/title>\n<meta name=\"description\" content=\"Seguint l\u2019esperit de Clara i Francesc d\u2019Ass\u00eds, a la Fraternitat de Clarisses a Vilob\u00ed d\u2019Onyar preguem per tu. No apaguem l\u2019esperit del Senyor i la seva acci\u00f3!\" \/>\n<meta name=\"robots\" content=\"index, follow, max-snippet:-1, max-image-preview:large, max-video-preview:-1\" \/>\n<link rel=\"canonical\" href=\"https:\/\/clarisas.cat\/ca\/per-a-pregar\/\" \/>\n<meta property=\"og:locale\" content=\"ca_ES\" \/>\n<meta property=\"og:type\" content=\"article\" \/>\n<meta property=\"og:title\" content=\"Oraci\u00f3 solid\u00e0ria i inclusiva | Fraternitat de Clarisses, Girona\" \/>\n<meta property=\"og:description\" content=\"Seguint l\u2019esperit de Clara i Francesc d\u2019Ass\u00eds, a la Fraternitat de Clarisses a Vilob\u00ed d\u2019Onyar preguem per tu. No apaguem l\u2019esperit del Senyor i la seva acci\u00f3!\" \/>\n<meta property=\"og:url\" content=\"https:\/\/clarisas.cat\/ca\/per-a-pregar\/\" \/>\n<meta property=\"og:site_name\" content=\"Fraternitat de Clarisses de Vilob\u00ed d\u2019Onyar - Girona | Hostatgeria\" \/>\n<meta property=\"article:publisher\" content=\"https:\/\/www.facebook.com\/claradassis.fraternitatgirona\" \/>\n<meta name=\"twitter:card\" content=\"summary_large_image\" \/>\n<meta name=\"twitter:site\" content=\"@clarisasvilobi\" \/>\n<meta name=\"twitter:label1\" content=\"Temps estimat de lectura\" \/>\n\t<meta name=\"twitter:data1\" content=\"3 minuts\" \/>\n<script type=\"application\/ld+json\" class=\"yoast-schema-graph\">{\"@context\":\"https:\/\/schema.org\",\"@graph\":[{\"@type\":\"WebSite\",\"@id\":\"https:\/\/clarisas.cat\/ca\/#website\",\"url\":\"https:\/\/clarisas.cat\/ca\/\",\"name\":\"Fraternitat de Clarisses de Vilob\\u00ed d\\u2019Onyar - Girona | Hostatgeria\",\"description\":\"Les Clarisses de Girona desitgem compartir la riquesa i joia de viure, des de la fraternitat i la preg\\u00e0ria. Obert a tothom que vulgui compartir la preg\\u00e0ria.\",\"potentialAction\":[{\"@type\":\"SearchAction\",\"target\":{\"@type\":\"EntryPoint\",\"urlTemplate\":\"https:\/\/clarisas.cat\/ca\/?s={search_term_string}\"},\"query-input\":\"required name=search_term_string\"}],\"inLanguage\":\"ca\"},{\"@type\":\"WebPage\",\"@id\":\"https:\/\/clarisas.cat\/ca\/per-a-pregar\/#webpage\",\"url\":\"https:\/\/clarisas.cat\/ca\/per-a-pregar\/\",\"name\":\"Oraci\\u00f3 solid\\u00e0ria i inclusiva | Fraternitat de Clarisses, Girona\",\"isPartOf\":{\"@id\":\"https:\/\/clarisas.cat\/ca\/#website\"},\"datePublished\":\"2019-10-16T10:25:05+00:00\",\"dateModified\":\"2019-10-16T10:25:05+00:00\",\"description\":\"Seguint l\\u2019esperit de Clara i Francesc d\\u2019Ass\\u00eds, a la Fraternitat de Clarisses a Vilob\\u00ed d\\u2019Onyar preguem per tu. No apaguem l\\u2019esperit del Senyor i la seva acci\\u00f3!\",\"breadcrumb\":{\"@id\":\"https:\/\/clarisas.cat\/ca\/per-a-pregar\/#breadcrumb\"},\"inLanguage\":\"ca\",\"potentialAction\":[{\"@type\":\"ReadAction\",\"target\":[\"https:\/\/clarisas.cat\/ca\/per-a-pregar\/\"]}]},{\"@type\":\"BreadcrumbList\",\"@id\":\"https:\/\/clarisas.cat\/ca\/per-a-pregar\/#breadcrumb\",\"itemListElement\":[{\"@type\":\"ListItem\",\"position\":1,\"name\":\"Inici\",\"item\":\"https:\/\/clarisas.cat\/ca\/\"},{\"@type\":\"ListItem\",\"position\":2,\"name\":\"per a pregar\"}]}]}<\/script>\n<!-- \/ Yoast SEO plugin. -->","yoast_head_json":{"title":"Oraci\u00f3 solid\u00e0ria i inclusiva | Fraternitat de Clarisses, Girona","description":"Seguint l\u2019esperit de Clara i Francesc d\u2019Ass\u00eds, a la Fraternitat de Clarisses a Vilob\u00ed d\u2019Onyar preguem per tu. No apaguem l\u2019esperit del Senyor i la seva acci\u00f3!","robots":{"index":"index","follow":"follow","max-snippet":"max-snippet:-1","max-image-preview":"max-image-preview:large","max-video-preview":"max-video-preview:-1"},"canonical":"https:\/\/clarisas.cat\/ca\/per-a-pregar\/","og_locale":"ca_ES","og_type":"article","og_title":"Oraci\u00f3 solid\u00e0ria i inclusiva | Fraternitat de Clarisses, Girona","og_description":"Seguint l\u2019esperit de Clara i Francesc d\u2019Ass\u00eds, a la Fraternitat de Clarisses a Vilob\u00ed d\u2019Onyar preguem per tu. No apaguem l\u2019esperit del Senyor i la seva acci\u00f3!","og_url":"https:\/\/clarisas.cat\/ca\/per-a-pregar\/","og_site_name":"Fraternitat de Clarisses de Vilob\u00ed d\u2019Onyar - Girona | Hostatgeria","article_publisher":"https:\/\/www.facebook.com\/claradassis.fraternitatgirona","twitter_card":"summary_large_image","twitter_site":"@clarisasvilobi","twitter_misc":{"Temps estimat de lectura":"3 minuts"},"schema":{"@context":"https:\/\/schema.org","@graph":[{"@type":"WebSite","@id":"https:\/\/clarisas.cat\/ca\/#website","url":"https:\/\/clarisas.cat\/ca\/","name":"Fraternitat de Clarisses de Vilob\u00ed d\u2019Onyar - Girona | Hostatgeria","description":"Les Clarisses de Girona desitgem compartir la riquesa i joia de viure, des de la fraternitat i la preg\u00e0ria. Obert a tothom que vulgui compartir la preg\u00e0ria.","potentialAction":[{"@type":"SearchAction","target":{"@type":"EntryPoint","urlTemplate":"https:\/\/clarisas.cat\/ca\/?s={search_term_string}"},"query-input":"required name=search_term_string"}],"inLanguage":"ca"},{"@type":"WebPage","@id":"https:\/\/clarisas.cat\/ca\/per-a-pregar\/#webpage","url":"https:\/\/clarisas.cat\/ca\/per-a-pregar\/","name":"Oraci\u00f3 solid\u00e0ria i inclusiva | Fraternitat de Clarisses, Girona","isPartOf":{"@id":"https:\/\/clarisas.cat\/ca\/#website"},"datePublished":"2019-10-16T10:25:05+00:00","dateModified":"2019-10-16T10:25:05+00:00","description":"Seguint l\u2019esperit de Clara i Francesc d\u2019Ass\u00eds, a la Fraternitat de Clarisses a Vilob\u00ed d\u2019Onyar preguem per tu. No apaguem l\u2019esperit del Senyor i la seva acci\u00f3!","breadcrumb":{"@id":"https:\/\/clarisas.cat\/ca\/per-a-pregar\/#breadcrumb"},"inLanguage":"ca","potentialAction":[{"@type":"ReadAction","target":["https:\/\/clarisas.cat\/ca\/per-a-pregar\/"]}]},{"@type":"BreadcrumbList","@id":"https:\/\/clarisas.cat\/ca\/per-a-pregar\/#breadcrumb","itemListElement":[{"@type":"ListItem","position":1,"name":"Inici","item":"https:\/\/clarisas.cat\/ca\/"},{"@type":"ListItem","position":2,"name":"per a pregar"}]}]}},"_links":{"self":[{"href":"https:\/\/clarisas.cat\/ca\/wp-json\/wp\/v2\/pages\/17230"}],"collection":[{"href":"https:\/\/clarisas.cat\/ca\/wp-json\/wp\/v2\/pages"}],"about":[{"href":"https:\/\/clarisas.cat\/ca\/wp-json\/wp\/v2\/types\/page"}],"author":[{"embeddable":true,"href":"https:\/\/clarisas.cat\/ca\/wp-json\/wp\/v2\/users\/3"}],"replies":[{"embeddable":true,"href":"https:\/\/clarisas.cat\/ca\/wp-json\/wp\/v2\/comments?post=17230"}],"version-history":[{"count":1,"href":"https:\/\/clarisas.cat\/ca\/wp-json\/wp\/v2\/pages\/17230\/revisions"}],"predecessor-version":[{"id":17232,"href":"https:\/\/clarisas.cat\/ca\/wp-json\/wp\/v2\/pages\/17230\/revisions\/17232"}],"wp:attachment":[{"href":"https:\/\/clarisas.cat\/ca\/wp-json\/wp\/v2\/media?parent=17230"}],"curies":[{"name":"wp","href":"https:\/\/api.w.org\/{rel}","templated":true}]}}