{"id":3,"date":"2019-07-19T09:04:33","date_gmt":"2019-07-19T07:04:33","guid":{"rendered":"https:\/\/clarisas.cat\/?page_id=3"},"modified":"2021-11-23T15:33:39","modified_gmt":"2021-11-23T14:33:39","slug":"politica-privacitat","status":"publish","type":"page","link":"https:\/\/clarisas.cat\/ca\/politica-privacitat\/","title":{"rendered":"Pol\u00edtica de privacitat"},"content":{"rendered":"<p>[vc_row css_animation=&#8221;&#8221; row_type=&#8221;row&#8221; use_row_as_full_screen_section=&#8221;no&#8221; type=&#8221;grid&#8221; angled_section=&#8221;no&#8221; text_align=&#8221;left&#8221; background_image_as_pattern=&#8221;without_pattern&#8221; padding_bottom=&#8221;37&#8243;][vc_column][vc_column_text]<\/p>\n<h5>Abast de la pol\u00edtica de protecci\u00f3 de dades<\/h5>\n<p>[\/vc_column_text][vc_separator type=&#8221;transparent&#8221; up=&#8221;16&#8243; down=&#8221;0&#8243;][vc_column_text]La present pol\u00edtica sobre el tractament de dades personals ser\u00e0 aplicable als usuaris de la web de la Fraternitat de Santa clara, aix\u00ed com a totes aquelles persones f\u00edsiques que facilitin les seves dades personals a la Fraternitat santa Clara a trav\u00e9s de les vies habilitades per a aix\u00f2. (P\u00e0gina web, correu postal, correu electr\u00f2nic, tel\u00e8fon).[\/vc_column_text][vc_separator type=&#8221;transparent&#8221; up=&#8221;50&#8243; down=&#8221;0&#8243;][\/vc_column][\/vc_row]<\/p>\n","protected":false},"excerpt":{"rendered":"<p>[vc_row css_animation=&#8221;&#8221; row_type=&#8221;row&#8221; use_row_as_full_screen_section=&#8221;no&#8221; type=&#8221;grid&#8221; angled_section=&#8221;no&#8221; text_align=&#8221;left&#8221; background_image_as_pattern=&#8221;without_pattern&#8221; padding_bottom=&#8221;37&#8243;][vc_column][vc_column_text] Abast de la pol\u00edtica de protecci\u00f3 de dades [\/vc_column_text][vc_separator type=&#8221;transparent&#8221; up=&#8221;16&#8243; down=&#8221;0&#8243;][vc_column_text]La present pol\u00edtica sobre el tractament de dades personals ser\u00e0 aplicable als usuaris de la web de la Fraternitat de Santa clara, aix\u00ed com a&#8230;<\/p>\n","protected":false},"author":2,"featured_media":0,"parent":0,"menu_order":0,"comment_status":"closed","ping_status":"closed","template":"","meta":[],"yoast_head":"<!-- This site is optimized with the Yoast SEO plugin v17.6 - https:\/\/yoast.com\/wordpress\/plugins\/seo\/ -->\n<title>Pol\u00edtica de privacitat | Fraternitat de Clarisses de Vilob\u00ed d&#039;Onyar - Girona<\/title>\n<meta name=\"description\" content=\"Consulta la pol\u00edtica de privacitat del web de la Fraternitat de Clarisses de Vilob\u00ed d&#039;Onyar - Girona\" \/>\n<meta name=\"robots\" content=\"noindex, nofollow\" \/>\n<meta property=\"og:locale\" content=\"ca_ES\" \/>\n<meta property=\"og:type\" content=\"article\" \/>\n<meta property=\"og:title\" content=\"Pol\u00edtica de privacitat | Fraternitat de Clarisses de Vilob\u00ed d&#039;Onyar - Girona\" \/>\n<meta property=\"og:description\" content=\"Consulta la pol\u00edtica de privacitat del web de la Fraternitat de Clarisses de Vilob\u00ed d&#039;Onyar - Girona\" \/>\n<meta property=\"og:url\" content=\"https:\/\/clarisas.cat\/ca\/politica-privacitat\/\" \/>\n<meta property=\"og:site_name\" content=\"Fraternitat de Clarisses de Vilob\u00ed d\u2019Onyar - Girona | Hostatgeria\" \/>\n<meta property=\"article:publisher\" content=\"https:\/\/www.facebook.com\/claradassis.fraternitatgirona\" \/>\n<meta property=\"article:modified_time\" content=\"2021-11-23T14:33:39+00:00\" \/>\n<meta name=\"twitter:card\" content=\"summary_large_image\" \/>\n<meta name=\"twitter:site\" content=\"@clarisasvilobi\" \/>\n<meta name=\"twitter:label1\" content=\"Temps estimat de lectura\" \/>\n\t<meta name=\"twitter:data1\" content=\"1 minut\" \/>\n<script type=\"application\/ld+json\" class=\"yoast-schema-graph\">{\"@context\":\"https:\/\/schema.org\",\"@graph\":[{\"@type\":\"WebSite\",\"@id\":\"https:\/\/clarisas.cat\/ca\/#website\",\"url\":\"https:\/\/clarisas.cat\/ca\/\",\"name\":\"Fraternitat de Clarisses de Vilob\\u00ed d\\u2019Onyar - Girona | Hostatgeria\",\"description\":\"Les Clarisses de Girona desitgem compartir la riquesa i joia de viure, des de la fraternitat i la preg\\u00e0ria. Obert a tothom que vulgui compartir la preg\\u00e0ria.\",\"potentialAction\":[{\"@type\":\"SearchAction\",\"target\":{\"@type\":\"EntryPoint\",\"urlTemplate\":\"https:\/\/clarisas.cat\/ca\/?s={search_term_string}\"},\"query-input\":\"required name=search_term_string\"}],\"inLanguage\":\"ca\"},{\"@type\":\"WebPage\",\"@id\":\"https:\/\/clarisas.cat\/ca\/politica-privacitat\/#webpage\",\"url\":\"https:\/\/clarisas.cat\/ca\/politica-privacitat\/\",\"name\":\"Pol\\u00edtica de privacitat | Fraternitat de Clarisses de Vilob\\u00ed d'Onyar - Girona\",\"isPartOf\":{\"@id\":\"https:\/\/clarisas.cat\/ca\/#website\"},\"datePublished\":\"2019-07-19T07:04:33+00:00\",\"dateModified\":\"2021-11-23T14:33:39+00:00\",\"description\":\"Consulta la pol\\u00edtica de privacitat del web de la Fraternitat de Clarisses de Vilob\\u00ed d'Onyar - Girona\",\"breadcrumb\":{\"@id\":\"https:\/\/clarisas.cat\/ca\/politica-privacitat\/#breadcrumb\"},\"inLanguage\":\"ca\",\"potentialAction\":[{\"@type\":\"ReadAction\",\"target\":[\"https:\/\/clarisas.cat\/ca\/politica-privacitat\/\"]}]},{\"@type\":\"BreadcrumbList\",\"@id\":\"https:\/\/clarisas.cat\/ca\/politica-privacitat\/#breadcrumb\",\"itemListElement\":[{\"@type\":\"ListItem\",\"position\":1,\"name\":\"Inici\",\"item\":\"https:\/\/clarisas.cat\/ca\/\"},{\"@type\":\"ListItem\",\"position\":2,\"name\":\"Pol\\u00edtica de privacitat\"}]}]}<\/script>\n<!-- \/ Yoast SEO plugin. -->","yoast_head_json":{"title":"Pol\u00edtica de privacitat | Fraternitat de Clarisses de Vilob\u00ed d'Onyar - Girona","description":"Consulta la pol\u00edtica de privacitat del web de la Fraternitat de Clarisses de Vilob\u00ed d'Onyar - Girona","robots":{"index":"noindex","follow":"nofollow"},"og_locale":"ca_ES","og_type":"article","og_title":"Pol\u00edtica de privacitat | Fraternitat de Clarisses de Vilob\u00ed d'Onyar - Girona","og_description":"Consulta la pol\u00edtica de privacitat del web de la Fraternitat de Clarisses de Vilob\u00ed d'Onyar - Girona","og_url":"https:\/\/clarisas.cat\/ca\/politica-privacitat\/","og_site_name":"Fraternitat de Clarisses de Vilob\u00ed d\u2019Onyar - Girona | Hostatgeria","article_publisher":"https:\/\/www.facebook.com\/claradassis.fraternitatgirona","article_modified_time":"2021-11-23T14:33:39+00:00","twitter_card":"summary_large_image","twitter_site":"@clarisasvilobi","twitter_misc":{"Temps estimat de lectura":"1 minut"},"schema":{"@context":"https:\/\/schema.org","@graph":[{"@type":"WebSite","@id":"https:\/\/clarisas.cat\/ca\/#website","url":"https:\/\/clarisas.cat\/ca\/","name":"Fraternitat de Clarisses de Vilob\u00ed d\u2019Onyar - Girona | Hostatgeria","description":"Les Clarisses de Girona desitgem compartir la riquesa i joia de viure, des de la fraternitat i la preg\u00e0ria. Obert a tothom que vulgui compartir la preg\u00e0ria.","potentialAction":[{"@type":"SearchAction","target":{"@type":"EntryPoint","urlTemplate":"https:\/\/clarisas.cat\/ca\/?s={search_term_string}"},"query-input":"required name=search_term_string"}],"inLanguage":"ca"},{"@type":"WebPage","@id":"https:\/\/clarisas.cat\/ca\/politica-privacitat\/#webpage","url":"https:\/\/clarisas.cat\/ca\/politica-privacitat\/","name":"Pol\u00edtica de privacitat | Fraternitat de Clarisses de Vilob\u00ed d'Onyar - Girona","isPartOf":{"@id":"https:\/\/clarisas.cat\/ca\/#website"},"datePublished":"2019-07-19T07:04:33+00:00","dateModified":"2021-11-23T14:33:39+00:00","description":"Consulta la pol\u00edtica de privacitat del web de la Fraternitat de Clarisses de Vilob\u00ed d'Onyar - Girona","breadcrumb":{"@id":"https:\/\/clarisas.cat\/ca\/politica-privacitat\/#breadcrumb"},"inLanguage":"ca","potentialAction":[{"@type":"ReadAction","target":["https:\/\/clarisas.cat\/ca\/politica-privacitat\/"]}]},{"@type":"BreadcrumbList","@id":"https:\/\/clarisas.cat\/ca\/politica-privacitat\/#breadcrumb","itemListElement":[{"@type":"ListItem","position":1,"name":"Inici","item":"https:\/\/clarisas.cat\/ca\/"},{"@type":"ListItem","position":2,"name":"Pol\u00edtica de privacitat"}]}]}},"_links":{"self":[{"href":"https:\/\/clarisas.cat\/ca\/wp-json\/wp\/v2\/pages\/3"}],"collection":[{"href":"https:\/\/clarisas.cat\/ca\/wp-json\/wp\/v2\/pages"}],"about":[{"href":"https:\/\/clarisas.cat\/ca\/wp-json\/wp\/v2\/types\/page"}],"author":[{"embeddable":true,"href":"https:\/\/clarisas.cat\/ca\/wp-json\/wp\/v2\/users\/2"}],"replies":[{"embeddable":true,"href":"https:\/\/clarisas.cat\/ca\/wp-json\/wp\/v2\/comments?post=3"}],"version-history":[{"count":7,"href":"https:\/\/clarisas.cat\/ca\/wp-json\/wp\/v2\/pages\/3\/revisions"}],"predecessor-version":[{"id":17194,"href":"https:\/\/clarisas.cat\/ca\/wp-json\/wp\/v2\/pages\/3\/revisions\/17194"}],"wp:attachment":[{"href":"https:\/\/clarisas.cat\/ca\/wp-json\/wp\/v2\/media?parent=3"}],"curies":[{"name":"wp","href":"https:\/\/api.w.org\/{rel}","templated":true}]}}