{"id":15682,"date":"2019-08-03T10:51:18","date_gmt":"2019-08-03T08:51:18","guid":{"rendered":"https:\/\/clarisas.cat\/?page_id=15682"},"modified":"2019-10-17T12:19:27","modified_gmt":"2019-10-17T10:19:27","slug":"aviso-legal","status":"publish","type":"page","link":"https:\/\/clarisas.cat\/es\/aviso-legal\/","title":{"rendered":"Aviso legal"},"content":{"rendered":"<p>[vc_row css_animation=\u00bb\u00bb row_type=\u00bbrow\u00bb use_row_as_full_screen_section=\u00bbno\u00bb type=\u00bbgrid\u00bb angled_section=\u00bbno\u00bb text_align=\u00bbleft\u00bb background_image_as_pattern=\u00bbwithout_pattern\u00bb padding_bottom=\u00bb37&#8243;][vc_column][vc_column_text]Aviso legal[\/vc_column_text][vc_separator type=\u00bbtransparent\u00bb up=\u00bb16&#8243; down=\u00bb0&#8243;][vc_column_text]La web de la Fraternitat de santa Clara, tiene por objetivo dar a conocer la vida y vocaci\u00f3n de las Hermanas Pobres de Santa Clara. A m\u00e1s de informar sobre las actividades que lleva a cabo en esta Fraternidad o en la Orden de Santa Clara. La Fraternidad de Santa Clara, de Vilob\u00ed d&#8217;Onyar, se reserva el derecho de efectuar, en cualquier momento y sin aviso previo, modificaciones de la informaci\u00f3n contenida en su web o en su configuraci\u00f3n y presentaci\u00f3n de esta. Al acceder a esta p\u00e1gina web se acepta que la Fraternidad de santa Clara\u00a0 no ser\u00e1 responsable de ninguna consecuencia, da\u00f1o o perjuicio que se derive del acceso o uso de la informaci\u00f3n de la web o por el acceso a otras materias a Internet a trav\u00e9s de las conexiones con esta web.[\/vc_column_text][vc_separator type=\u00bbtransparent\u00bb up=\u00bb50&#8243; down=\u00bb0&#8243;][\/vc_column][\/vc_row]<\/p>\n","protected":false},"excerpt":{"rendered":"<p>[vc_row css_animation=\u00bb\u00bb row_type=\u00bbrow\u00bb use_row_as_full_screen_section=\u00bbno\u00bb type=\u00bbgrid\u00bb angled_section=\u00bbno\u00bb text_align=\u00bbleft\u00bb background_image_as_pattern=\u00bbwithout_pattern\u00bb padding_bottom=\u00bb37&#8243;][vc_column][vc_column_text]Aviso legal[\/vc_column_text][vc_separator type=\u00bbtransparent\u00bb up=\u00bb16&#8243; down=\u00bb0&#8243;][vc_column_text]La web de la Fraternitat de santa Clara, tiene por objetivo dar a conocer la vida y vocaci\u00f3n de las Hermanas Pobres de Santa Clara. A m\u00e1s de informar sobre las actividades que&#8230;<\/p>\n","protected":false},"author":2,"featured_media":0,"parent":0,"menu_order":0,"comment_status":"closed","ping_status":"closed","template":"","meta":[],"yoast_head":"<!-- This site is optimized with the Yoast SEO plugin v17.6 - https:\/\/yoast.com\/wordpress\/plugins\/seo\/ -->\n<title>Aviso legal - Fraternitat de Clarisses de Vilob\u00ed d\u2019Onyar - Girona | Hostatgeria<\/title>\n<meta name=\"robots\" content=\"noindex, nofollow\" \/>\n<meta property=\"og:locale\" content=\"es_ES\" \/>\n<meta property=\"og:type\" content=\"article\" \/>\n<meta property=\"og:title\" content=\"Aviso legal - Fraternitat de Clarisses de Vilob\u00ed d\u2019Onyar - Girona | Hostatgeria\" \/>\n<meta property=\"og:description\" content=\"[vc_row css_animation=\u00bb\u00bb row_type=\u00bbrow\u00bb use_row_as_full_screen_section=\u00bbno\u00bb type=\u00bbgrid\u00bb angled_section=\u00bbno\u00bb text_align=\u00bbleft\u00bb background_image_as_pattern=\u00bbwithout_pattern\u00bb padding_bottom=\u00bb37&#8243;][vc_column][vc_column_text]Aviso legal[\/vc_column_text][vc_separator type=\u00bbtransparent\u00bb up=\u00bb16&#8243; down=\u00bb0&#8243;][vc_column_text]La web de la Fraternitat de santa Clara, tiene por objetivo dar a conocer la vida y vocaci\u00f3n de las Hermanas Pobres de Santa Clara. A m\u00e1s de informar sobre las actividades que...\" \/>\n<meta property=\"og:url\" content=\"https:\/\/clarisas.cat\/es\/aviso-legal\/\" \/>\n<meta property=\"og:site_name\" content=\"Fraternitat de Clarisses de Vilob\u00ed d\u2019Onyar - Girona | Hostatgeria\" \/>\n<meta property=\"article:publisher\" content=\"https:\/\/www.facebook.com\/claradassis.fraternitatgirona\" \/>\n<meta property=\"article:modified_time\" content=\"2019-10-17T10:19:27+00:00\" \/>\n<meta name=\"twitter:card\" content=\"summary_large_image\" \/>\n<meta name=\"twitter:site\" content=\"@clarisasvilobi\" \/>\n<meta name=\"twitter:label1\" content=\"Tiempo de lectura\" \/>\n\t<meta name=\"twitter:data1\" content=\"1 minuto\" \/>\n<script type=\"application\/ld+json\" class=\"yoast-schema-graph\">{\"@context\":\"https:\/\/schema.org\",\"@graph\":[{\"@type\":\"WebSite\",\"@id\":\"https:\/\/clarisas.cat\/ca\/#website\",\"url\":\"https:\/\/clarisas.cat\/ca\/\",\"name\":\"Fraternitat de Clarisses de Vilob\\u00ed d\\u2019Onyar - Girona | Hostatgeria\",\"description\":\"Les Clarisses de Girona desitgem compartir la riquesa i joia de viure, des de la fraternitat i la preg\\u00e0ria. Obert a tothom que vulgui compartir la preg\\u00e0ria.\",\"potentialAction\":[{\"@type\":\"SearchAction\",\"target\":{\"@type\":\"EntryPoint\",\"urlTemplate\":\"https:\/\/clarisas.cat\/ca\/?s={search_term_string}\"},\"query-input\":\"required name=search_term_string\"}],\"inLanguage\":\"es\"},{\"@type\":\"WebPage\",\"@id\":\"https:\/\/clarisas.cat\/es\/aviso-legal\/#webpage\",\"url\":\"https:\/\/clarisas.cat\/es\/aviso-legal\/\",\"name\":\"Aviso legal - Fraternitat de Clarisses de Vilob\\u00ed d\\u2019Onyar - Girona | Hostatgeria\",\"isPartOf\":{\"@id\":\"https:\/\/clarisas.cat\/ca\/#website\"},\"datePublished\":\"2019-08-03T08:51:18+00:00\",\"dateModified\":\"2019-10-17T10:19:27+00:00\",\"breadcrumb\":{\"@id\":\"https:\/\/clarisas.cat\/es\/aviso-legal\/#breadcrumb\"},\"inLanguage\":\"es\",\"potentialAction\":[{\"@type\":\"ReadAction\",\"target\":[\"https:\/\/clarisas.cat\/es\/aviso-legal\/\"]}]},{\"@type\":\"BreadcrumbList\",\"@id\":\"https:\/\/clarisas.cat\/es\/aviso-legal\/#breadcrumb\",\"itemListElement\":[{\"@type\":\"ListItem\",\"position\":1,\"name\":\"Inici\",\"item\":\"https:\/\/clarisas.cat\/es\/\"},{\"@type\":\"ListItem\",\"position\":2,\"name\":\"Aviso legal\"}]}]}<\/script>\n<!-- \/ Yoast SEO plugin. -->","yoast_head_json":{"title":"Aviso legal - Fraternitat de Clarisses de Vilob\u00ed d\u2019Onyar - Girona | Hostatgeria","robots":{"index":"noindex","follow":"nofollow"},"og_locale":"es_ES","og_type":"article","og_title":"Aviso legal - Fraternitat de Clarisses de Vilob\u00ed d\u2019Onyar - Girona | Hostatgeria","og_description":"[vc_row css_animation=\u00bb\u00bb row_type=\u00bbrow\u00bb use_row_as_full_screen_section=\u00bbno\u00bb type=\u00bbgrid\u00bb angled_section=\u00bbno\u00bb text_align=\u00bbleft\u00bb background_image_as_pattern=\u00bbwithout_pattern\u00bb padding_bottom=\u00bb37&#8243;][vc_column][vc_column_text]Aviso legal[\/vc_column_text][vc_separator type=\u00bbtransparent\u00bb up=\u00bb16&#8243; down=\u00bb0&#8243;][vc_column_text]La web de la Fraternitat de santa Clara, tiene por objetivo dar a conocer la vida y vocaci\u00f3n de las Hermanas Pobres de Santa Clara. A m\u00e1s de informar sobre las actividades que...","og_url":"https:\/\/clarisas.cat\/es\/aviso-legal\/","og_site_name":"Fraternitat de Clarisses de Vilob\u00ed d\u2019Onyar - Girona | Hostatgeria","article_publisher":"https:\/\/www.facebook.com\/claradassis.fraternitatgirona","article_modified_time":"2019-10-17T10:19:27+00:00","twitter_card":"summary_large_image","twitter_site":"@clarisasvilobi","twitter_misc":{"Tiempo de lectura":"1 minuto"},"schema":{"@context":"https:\/\/schema.org","@graph":[{"@type":"WebSite","@id":"https:\/\/clarisas.cat\/ca\/#website","url":"https:\/\/clarisas.cat\/ca\/","name":"Fraternitat de Clarisses de Vilob\u00ed d\u2019Onyar - Girona | Hostatgeria","description":"Les Clarisses de Girona desitgem compartir la riquesa i joia de viure, des de la fraternitat i la preg\u00e0ria. Obert a tothom que vulgui compartir la preg\u00e0ria.","potentialAction":[{"@type":"SearchAction","target":{"@type":"EntryPoint","urlTemplate":"https:\/\/clarisas.cat\/ca\/?s={search_term_string}"},"query-input":"required name=search_term_string"}],"inLanguage":"es"},{"@type":"WebPage","@id":"https:\/\/clarisas.cat\/es\/aviso-legal\/#webpage","url":"https:\/\/clarisas.cat\/es\/aviso-legal\/","name":"Aviso legal - Fraternitat de Clarisses de Vilob\u00ed d\u2019Onyar - Girona | Hostatgeria","isPartOf":{"@id":"https:\/\/clarisas.cat\/ca\/#website"},"datePublished":"2019-08-03T08:51:18+00:00","dateModified":"2019-10-17T10:19:27+00:00","breadcrumb":{"@id":"https:\/\/clarisas.cat\/es\/aviso-legal\/#breadcrumb"},"inLanguage":"es","potentialAction":[{"@type":"ReadAction","target":["https:\/\/clarisas.cat\/es\/aviso-legal\/"]}]},{"@type":"BreadcrumbList","@id":"https:\/\/clarisas.cat\/es\/aviso-legal\/#breadcrumb","itemListElement":[{"@type":"ListItem","position":1,"name":"Inici","item":"https:\/\/clarisas.cat\/es\/"},{"@type":"ListItem","position":2,"name":"Aviso legal"}]}]}},"_links":{"self":[{"href":"https:\/\/clarisas.cat\/es\/wp-json\/wp\/v2\/pages\/15682"}],"collection":[{"href":"https:\/\/clarisas.cat\/es\/wp-json\/wp\/v2\/pages"}],"about":[{"href":"https:\/\/clarisas.cat\/es\/wp-json\/wp\/v2\/types\/page"}],"author":[{"embeddable":true,"href":"https:\/\/clarisas.cat\/es\/wp-json\/wp\/v2\/users\/2"}],"replies":[{"embeddable":true,"href":"https:\/\/clarisas.cat\/es\/wp-json\/wp\/v2\/comments?post=15682"}],"version-history":[{"count":5,"href":"https:\/\/clarisas.cat\/es\/wp-json\/wp\/v2\/pages\/15682\/revisions"}],"predecessor-version":[{"id":17186,"href":"https:\/\/clarisas.cat\/es\/wp-json\/wp\/v2\/pages\/15682\/revisions\/17186"}],"wp:attachment":[{"href":"https:\/\/clarisas.cat\/es\/wp-json\/wp\/v2\/media?parent=15682"}],"curies":[{"name":"wp","href":"https:\/\/api.w.org\/{rel}","templated":true}]}}