{"id":15693,"date":"2019-08-03T10:56:25","date_gmt":"2019-08-03T08:56:25","guid":{"rendered":"https:\/\/clarisas.cat\/?page_id=15693"},"modified":"2019-10-20T18:15:11","modified_gmt":"2019-10-20T16:15:11","slug":"identidad","status":"publish","type":"page","link":"https:\/\/clarisas.cat\/es\/identidad\/","title":{"rendered":"Identidad"},"content":{"rendered":"<p>[vc_row css_animation=\u00bb\u00bb row_type=\u00bbrow\u00bb use_row_as_full_screen_section=\u00bbno\u00bb type=\u00bbgrid\u00bb angled_section=\u00bbno\u00bb text_align=\u00bbleft\u00bb background_image_as_pattern=\u00bbwithout_pattern\u00bb padding_top=\u00bb70&#8243; padding_bottom=\u00bb60&#8243;][vc_column offset=\u00bbvc_col-xs-12&#8243;][vc_single_image image=\u00bb15818&#8243; img_size=\u00bbfull\u00bb alignment=\u00bbcenter\u00bb qode_css_animation=\u00bb\u00bb][vc_separator type=\u00bbtransparent\u00bb up=\u00bb16&#8243; down=\u00bb0&#8243;][vc_column_text]<\/p>\n<h2 style=\"text-align: center;\"><span style=\"color: #ff0000;\">IDENTIDAD<\/span><\/h2>\n<p>[\/vc_column_text][vc_separator type=\u00bbtransparent\u00bb up=\u00bb10&#8243; down=\u00bb0&#8243;][vc_column_text]<\/p>\n<h4 style=\"text-align: center;\"><em><strong>\u201cUna parte de las mujeres que integran la vida consagrada y que viven una forma de vida contemplativa, lo hacen como clarisas o hermanas pobres de santa Clara, siguiendo las huellas del Cristo Pobre y Crucificado\u201d.<\/strong><\/em><\/h4>\n<p>[\/vc_column_text][vc_separator type=\u00bbtransparent\u00bb up=\u00bb16&#8243; down=\u00bb0&#8243;][vc_column_text]<\/p>\n<h4>Como Hermanas Pobres de santa Clara acogemos el desaf\u00edo de asumir su Forma de Vida, expresada en la interiorizaci\u00f3n y personalizaci\u00f3n de\u00a0 valores como la simplicidad, la desapropiaci\u00f3n, la fraternidad y la oraci\u00f3n.<\/h4>\n<p>[\/vc_column_text][\/vc_column][\/vc_row][vc_row css_animation=\u00bb\u00bb row_type=\u00bbrow\u00bb use_row_as_full_screen_section=\u00bbno\u00bb type=\u00bbgrid\u00bb angled_section=\u00bbno\u00bb text_align=\u00bbleft\u00bb background_image_as_pattern=\u00bbwithout_pattern\u00bb padding_bottom=\u00bb37&#8243;][vc_column width=\u00bb1\/2&#8243;][vc_separator type=\u00bbtransparent\u00bb up=\u00bb2&#8243; down=\u00bb0&#8243;][vc_column_text]<\/p>\n<h5>HIJAS Y HERMANAS DE CLARA DE AS\u00cdS<\/h5>\n<p>[\/vc_column_text][vc_separator type=\u00bbtransparent\u00bb up=\u00bb16&#8243; down=\u00bb0&#8243;][vc_column_text]Hemos sido llamadas a formar parte de la familia de Dios, sinti\u00e9ndonos hermanas vivimos centradas en la oraci\u00f3n personal y comunitaria en fraternidad.<\/p>\n<p>[\/vc_column_text][vc_separator type=\u00bbtransparent\u00bb up=\u00bb16&#8243; down=\u00bb0&#8243;][vc_column_text]Nuestra manera de estar en el mundo llega mucho m\u00e1s all\u00e1 de nuestros conventos porque el \u201ctesoro\u201d que hemos descubierto lo compartimos desde la universalidad de nuestra vocaci\u00f3n contemplativa.[\/vc_column_text][vc_separator type=\u00bbtransparent\u00bb up=\u00bb16&#8243; down=\u00bb0&#8243;][vc_column_text]Te invitamos a conocer esta \u201cForma de Vida\u201d.<\/p>\n<p>&nbsp;<\/p>\n<p>[\/vc_column_text][vc_separator type=\u00bbtransparent\u00bb up=\u00bb50&#8243; down=\u00bb0&#8243;][\/vc_column][vc_column width=\u00bb1\/2&#8243;][vc_separator type=\u00bbtransparent\u00bb up=\u00bb7&#8243; down=\u00bb0&#8243;][vc_single_image image=\u00bb16944&#8243; img_size=\u00bbfull\u00bb alignment=\u00bbcenter\u00bb qode_css_animation=\u00bbelement_from_fade\u00bb transition_delay=\u00bb0.4&#8243;][vc_separator type=\u00bbtransparent\u00bb up=\u00bb50&#8243; down=\u00bb0&#8243;][\/vc_column][\/vc_row][vc_row css_animation=\u00bb\u00bb row_type=\u00bbrow\u00bb use_row_as_full_screen_section=\u00bbno\u00bb type=\u00bbgrid\u00bb angled_section=\u00bbno\u00bb text_align=\u00bbleft\u00bb background_image_as_pattern=\u00bbwithout_pattern\u00bb padding_bottom=\u00bb21&#8243;][vc_column][vc_row_inner row_type=\u00bbrow\u00bb type=\u00bbfull_width\u00bb text_align=\u00bbleft\u00bb css_animation=\u00bb\u00bb][vc_column_inner width=\u00bb1\/3&#8243;][vc_single_image image=\u00bb16948&#8243; img_size=\u00bbfull\u00bb alignment=\u00bbcenter\u00bb qode_css_animation=\u00bbelement_from_fade\u00bb transition_delay=\u00bb0.2&#8243;][vc_separator type=\u00bbtransparent\u00bb up=\u00bb28&#8243; down=\u00bb0&#8243;][vc_column_text]<\/p>\n<h5 style=\"text-align: center;\"><strong>PLEGARIA<\/strong><\/h5>\n<p>[\/vc_column_text][vc_separator type=\u00bbtransparent\u00bb up=\u00bb10&#8243; down=\u00bb0&#8243;][vc_column_text]<\/p>\n<p style=\"text-align: center;\">En esta sociedad secularizada nos sentimos llamadas a vivir, serena y decididamente, la experiencia de Dios, Padre de Jes\u00fas y Padre nuestro, con una fe sencilla arraigada\u00a0 en la plegaria para \u201ctener el coraz\u00f3n y la mente fijas siempre en Dios\u201d.<\/p>\n<p>[\/vc_column_text][vc_separator type=\u00bbtransparent\u00bb up=\u00bb10&#8243; down=\u00bb0&#8243;][vc_column_text]<\/p>\n<p style=\"text-align: center;\">Nuestra vocaci\u00f3n cristiana nos coloca ante una de las realidades que configuran la vocaci\u00f3n del mismo Jes\u00fas que oraba a su Padre desde la soledad y el silencio, desde la tribulaci\u00f3n personal y las necesidades de las personas y la creaci\u00f3n.<\/p>\n<p>[\/vc_column_text][vc_separator type=\u00bbtransparent\u00bb up=\u00bb66&#8243; down=\u00bb0&#8243;][\/vc_column_inner][vc_column_inner width=\u00bb1\/3&#8243;][vc_single_image image=\u00bb16963&#8243; img_size=\u00bbfull\u00bb alignment=\u00bbcenter\u00bb qode_css_animation=\u00bbelement_from_fade\u00bb transition_delay=\u00bb0.4&#8243;][vc_separator type=\u00bbtransparent\u00bb up=\u00bb28&#8243; down=\u00bb0&#8243;][vc_column_text]<\/p>\n<h5 style=\"text-align: center;\"><strong>FORMACI\u00d3N<\/strong><\/h5>\n<p>[\/vc_column_text][vc_separator type=\u00bbtransparent\u00bb up=\u00bb10&#8243; down=\u00bb0&#8243;][vc_column_text]<\/p>\n<p style=\"text-align: center;\">\u00bfCu\u00e1les son los valores centrales en los que las hermanas clarisas hemos de formarnos? \u00bfCu\u00e1l es el ideal o la utop\u00eda hacia la cual hemos de mirar y que puede hacer crecer, en nosotras, una mujer evang\u00e9lica en la l\u00ednea clariana de la espiritualidad franciscana?<\/p>\n<p>[\/vc_column_text][vc_separator type=\u00bbtransparent\u00bb up=\u00bb10&#8243; down=\u00bb0&#8243;][vc_column_text]<\/p>\n<p style=\"text-align: center;\">La propuesta es necesariamente fragmentaria y tal vez parcial, pero la mirada se centra en nuestra vida consagrada desde la experiencia de Clara de As\u00eds, desde el ser de hermana y madre, desde la esencia como amiga y acompa\u00f1ante, desde su ser franciscano como mujer.<\/p>\n<p>[\/vc_column_text][vc_separator type=\u00bbtransparent\u00bb up=\u00bb10&#8243; down=\u00bb0&#8243;][vc_column_text]<\/p>\n<p style=\"text-align: center;\">Ella\u00a0\u00a0 nunca quiso apartarse de las \u201cense\u00f1anzas y el camino que nuestro bienaventurado padre Francisco le ense\u00f1\u00f3\u201d.<\/p>\n<p>[\/vc_column_text][vc_separator type=\u00bbtransparent\u00bb up=\u00bb66&#8243; down=\u00bb0&#8243;][\/vc_column_inner][vc_column_inner width=\u00bb1\/3&#8243;][vc_single_image image=\u00bb16952&#8243; img_size=\u00bbfull\u00bb alignment=\u00bbcenter\u00bb qode_css_animation=\u00bbelement_from_fade\u00bb transition_delay=\u00bb0.6&#8243;][vc_separator type=\u00bbtransparent\u00bb up=\u00bb28&#8243; down=\u00bb0&#8243;][vc_column_text]<\/p>\n<h5 style=\"text-align: center;\">TRABAJO<\/h5>\n<p>[\/vc_column_text][vc_separator type=\u00bbtransparent\u00bb up=\u00bb10&#8243; down=\u00bb0&#8243;][vc_column_text]<\/p>\n<p style=\"text-align: center;\">\u201c\u2026 despu\u00e9s de la hora de Tercia, las hermanas se ocupen en un trabajo de utilidad com\u00fan\u201d (Santa Clara)<\/p>\n<p>[\/vc_column_text][vc_separator type=\u00bbtransparent\u00bb up=\u00bb28&#8243; down=\u00bb0&#8243;][vc_column_text]<\/p>\n<p style=\"text-align: center;\">Para nosotras, hijas de Clara de As\u00eds, el trabajo es un DON del Se\u00f1or que eleva el esp\u00edritu y nos hace compartir la condici\u00f3n de trabajadoras como cualquier persona.<\/p>\n<p>[\/vc_column_text][vc_separator type=\u00bbtransparent\u00bb up=\u00bb28&#8243; down=\u00bb0&#8243;][vc_column_text]<\/p>\n<p style=\"text-align: center;\">Los cambios econ\u00f3micos, consecuencia de la crisis, que vivimos hace a\u00f1os, nos llev\u00f3 a buscar una forma diferente de mantener nuestras necesidades materiales. E la actualidad nos dedicamos a la fabricaci\u00f3n del pan eucar\u00edstico. Pod\u00e9is adquirirlo en el <a href=\"http:\/\/forma.cpl.es\/\" target=\"_blank\" rel=\"noopener noreferrer\">Centro de\u00a0 Pastoral Liturgica de Barcelona.<\/a><\/p>\n<p>[\/vc_column_text][vc_separator type=\u00bbtransparent\u00bb up=\u00bb28&#8243; down=\u00bb0&#8243;][\/vc_column_inner][\/vc_row_inner][\/vc_column][\/vc_row][vc_row css_animation=\u00bb\u00bb row_type=\u00bbrow\u00bb use_row_as_full_screen_section=\u00bbno\u00bb type=\u00bbgrid\u00bb angled_section=\u00bbno\u00bb text_align=\u00bbleft\u00bb background_image_as_pattern=\u00bbwithout_pattern\u00bb padding_bottom=\u00bb21&#8243;][vc_column width=\u00bb1\/2&#8243;][vc_separator type=\u00bbtransparent\u00bb up=\u00bb16&#8243; down=\u00bb0&#8243;][vc_single_image image=\u00bb15958&#8243; img_size=\u00bbfull\u00bb alignment=\u00bbcenter\u00bb qode_css_animation=\u00bb\u00bb][vc_separator type=\u00bbtransparent\u00bb up=\u00bb16&#8243; down=\u00bb0&#8243;][vc_column_text]<\/p>\n<h2 style=\"text-align: center;\">ESCRITOS<\/h2>\n<h2 style=\"text-align: center;\">Santa Clara<\/h2>\n<p>[\/vc_column_text][vc_column_text]<\/p>\n<p style=\"text-align: center;\"><strong>En este espacio web, nos hace mucha ilusi\u00f3n presentaros los escritos de nuestra madre y fundadora Clara de As\u00eds, la humilde \u00abplantita de Francisco\u00bb, como a ella le gustaba llamarse. Se ha dicho que Clara ha sido la mejor int\u00e9rprete de los ideales de Francisco. Es la \u00abhermana Luna\u00bb que recibe toda la luz y el calor del \u00abhermano Sol\u00bb.<\/strong><\/p>\n<p style=\"text-align: center;\"><strong>Esta traducci\u00f3n ha sido tomada de los \u201cEscritos de Clara y Francisco\u201d preparada por Jos\u00e9 Antonio Guerra, ofm.<\/strong><\/p>\n<p>[\/vc_column_text][vc_separator type=\u00bbtransparent\u00bb up=\u00bb16&#8243; down=\u00bb0&#8243;][vc_column_text]<\/p>\n<p style=\"text-align: center;\"><a href=\"https:\/\/clarisas.cat\/wp-content\/uploads\/2019\/10\/REGLA-DE-SANTA-CLARA.doc\" target=\"_blank\" rel=\"noopener noreferrer\">REGLA DE LAS HERMANAS POBRES DE SANTA CLARA<\/a><\/p>\n<p>[\/vc_column_text][vc_column_text]<\/p>\n<p style=\"text-align: center;\"><a href=\"https:\/\/clarisas.cat\/wp-content\/uploads\/2019\/10\/TESTAMENTO-DE-SANTA-CLARA-DE-ASIS.doc\" target=\"_blank\" rel=\"noopener noreferrer\">TESTAMENTO DE SANTA CLARA<\/a><\/p>\n<p>[\/vc_column_text][vc_column_text]<\/p>\n<p style=\"text-align: center;\"><a href=\"https:\/\/clarisas.cat\/wp-content\/uploads\/2019\/10\/BENDICI\u00d3N-DE-SANTA-CLARA-A-SUS-HERMANAS.doc\" target=\"_blank\" rel=\"noopener noreferrer\">BENDICI\u00d3N DE SANTA CLARA<\/a><\/p>\n<p>[\/vc_column_text][vc_column_text]<\/p>\n<p style=\"text-align: center;\"><a href=\"https:\/\/clarisas.cat\/wp-content\/uploads\/2019\/10\/I-CARTA-DE-SANTA-CLARA.doc\" target=\"_blank\" rel=\"noopener noreferrer\">I CARTA DE SANTA CLARA A SANTA IN\u00c9S DE BOHEMIA<\/a><\/p>\n<p>[\/vc_column_text][vc_column_text]<\/p>\n<p style=\"text-align: center;\"><a href=\"https:\/\/clarisas.cat\/wp-content\/uploads\/2019\/10\/II-CARTA-DE-SANTA-CLARA.doc\" target=\"_blank\" rel=\"noopener noreferrer\">II CARTA DE SANTA CLARA A SANTA IN\u00c9S DE BOHEMIA<\/a><\/p>\n<p>[\/vc_column_text][vc_column_text]<\/p>\n<p style=\"text-align: center;\"><a href=\"https:\/\/clarisas.cat\/wp-content\/uploads\/2019\/10\/III-CARTA-DE-SANTA-CLARA-A-SANTA-IN\u00c9S.doc\" target=\"_blank\" rel=\"noopener noreferrer\">III CARTA DE SANTA CLARA A SANTA IN\u00c9S DE BOHEMIA<\/a><\/p>\n<p>[\/vc_column_text][vc_column_text]<\/p>\n<p style=\"text-align: center;\"><a href=\"https:\/\/clarisas.cat\/wp-content\/uploads\/2019\/10\/IV-CARTA-DE-SANTA-CLARA-DE-ASIS-A-SANTA-IN\u00c9S-DE-BOHEMIA.doc\" target=\"_blank\" rel=\"noopener noreferrer\">VI CARTA DE SANTA CLARA A SANTA IN\u00c9S DE BOHEMIA<\/a><\/p>\n<p>[\/vc_column_text][vc_column_text]<\/p>\n<p style=\"text-align: center;\"><a href=\"https:\/\/clarisas.cat\/wp-content\/uploads\/2019\/10\/CARTA-A-ERMENTRUDIS-DE-BRUJAS.doc\" target=\"_blank\" rel=\"noopener noreferrer\">CARTA DE SANTA CLARA A ERMENTRUDIS DE BRUJAS<\/a><\/p>\n<p>[\/vc_column_text][\/vc_column][vc_column width=\u00bb1\/2&#8243;][vc_separator type=\u00bbtransparent\u00bb up=\u00bb16&#8243; down=\u00bb0&#8243;][vc_single_image image=\u00bb15956&#8243; img_size=\u00bbfull\u00bb alignment=\u00bbcenter\u00bb qode_css_animation=\u00bb\u00bb][vc_separator type=\u00bbtransparent\u00bb up=\u00bb16&#8243; down=\u00bb0&#8243;][vc_column_text]<\/p>\n<h2 style=\"text-align: center;\">ESCRITOS<\/h2>\n<h2 style=\"text-align: center;\">San Francisco<\/h2>\n<p>[\/vc_column_text][vc_column_text]<\/p>\n<p style=\"text-align: center;\"><strong>Los analistas de la historia de la Iglesia reconocen que san Francesc de As\u00eds (1182-1226) es una figura de proyecci\u00f3n universal. Pocos personajes de la Edad Media disfrutan como Francisco de una informaci\u00f3n escrita contempor\u00e1nea tan abundante. Algo semejante podemos afirmar de santa Clara de As\u00eds, fiel seguidora de los ideales evang\u00e9licos del Pobrecillo.<\/strong><br \/>\n<strong>Poco a poco colocaremos los textos de estos escritos. Pa z y bien para todos y todas vosotras.<\/strong><\/p>\n<p>[\/vc_column_text][vc_separator type=\u00bbtransparent\u00bb up=\u00bb16&#8243; down=\u00bb0&#8243;][vc_column_text]<\/p>\n<p style=\"text-align: center;\"><a href=\"https:\/\/clarisas.cat\/wp-content\/uploads\/2019\/10\/ESCRITOS-DE-SANT-FRANCISCO-DIRIGIDOS-A-SANTA-CLARA-Y-SUS-HERMANAS.doc\" target=\"_blank\" rel=\"noopener noreferrer\">ESCRITOS DE SAN FRANCISCO A CLARA Y SUS HERMANAS<\/a><\/p>\n<p>[\/vc_column_text][vc_column_text]<\/p>\n<p style=\"text-align: center;\"><a href=\"https:\/\/clarisas.cat\/wp-content\/uploads\/2019\/10\/ADMONICIONES.doc\" target=\"_blank\" rel=\"noopener noreferrer\">ADMONICIONES DE SAN FRANCISCO<\/a><\/p>\n<p>[\/vc_column_text][vc_column_text]<\/p>\n<p style=\"text-align: center;\"><a href=\"https:\/\/clarisas.cat\/wp-content\/uploads\/2019\/10\/REGLA-NO-BULADA.doc\" target=\"_blank\" rel=\"noopener noreferrer\">REGLA NO BULADA<\/a><\/p>\n<p>[\/vc_column_text][\/vc_column][\/vc_row][vc_row css_animation=\u00bb\u00bb row_type=\u00bbrow\u00bb use_row_as_full_screen_section=\u00bbno\u00bb type=\u00bbgrid\u00bb angled_section=\u00bbno\u00bb text_align=\u00bbleft\u00bb background_image_as_pattern=\u00bbwithout_pattern\u00bb padding_top=\u00bb70&#8243; padding_bottom=\u00bb60&#8243; background_image=\u00bb15320&#8243;][vc_column offset=\u00bbvc_col-lg-offset-1 vc_col-lg-10 vc_col-md-offset-1 vc_col-md-10 vc_col-xs-12&#8243;][vc_single_image image=\u00bb15668&#8243; img_size=\u00bbfull\u00bb alignment=\u00bbcenter\u00bb qode_css_animation=\u00bb\u00bb][vc_separator type=\u00bbtransparent\u00bb up=\u00bb16&#8243; down=\u00bb0&#8243;][vc_column_text]<\/p>\n<h1 style=\"text-align: center;\"><span style=\"color: #ffff00;\">PAZ Y BIEN A TODA PERSONA<\/span><\/h1>\n<p>[\/vc_column_text][vc_separator type=\u00bbtransparent\u00bb up=\u00bb10&#8243; down=\u00bb0&#8243;][vc_column_text]<\/p>\n<h4 style=\"text-align: center;\"><span style=\"color: #ffffff;\">Bienaventurados los constructores de paz, porque ser\u00e1n llamados hijos de Dios. Son verdaderamente constructores de paz aqu\u00e9llos que, en medio de todas las cosas que padecen en este mundo, conservan, por el amor de nuestro Se\u00f1or Jesucristo, la paz del alma y del cuerpo.\u00a0<\/span><\/h4>\n<p>[\/vc_column_text][vc_separator type=\u00bbtransparent\u00bb up=\u00bb10&#8243; down=\u00bb0&#8243;][vc_column_text]<\/p>\n<h4 style=\"text-align: center;\"><span style=\"color: #ffffff;\"><em>( San Fracnisco de As\u00eds, <\/em><\/span><span style=\"color: #ffffff;\"><em>Admonici\u00f3n XV)<\/em><\/span><\/h4>\n<p>[\/vc_column_text][\/vc_column][\/vc_row]<\/p>\n","protected":false},"excerpt":{"rendered":"<p>[vc_row css_animation=\u00bb\u00bb row_type=\u00bbrow\u00bb use_row_as_full_screen_section=\u00bbno\u00bb type=\u00bbgrid\u00bb angled_section=\u00bbno\u00bb text_align=\u00bbleft\u00bb background_image_as_pattern=\u00bbwithout_pattern\u00bb padding_top=\u00bb70&#8243; padding_bottom=\u00bb60&#8243;][vc_column offset=\u00bbvc_col-xs-12&#8243;][vc_single_image image=\u00bb15818&#8243; img_size=\u00bbfull\u00bb alignment=\u00bbcenter\u00bb qode_css_animation=\u00bb\u00bb][vc_separator type=\u00bbtransparent\u00bb up=\u00bb16&#8243; down=\u00bb0&#8243;][vc_column_text] IDENTIDAD [\/vc_column_text][vc_separator type=\u00bbtransparent\u00bb up=\u00bb10&#8243; down=\u00bb0&#8243;][vc_column_text] \u201cUna parte de las mujeres que integran la vida consagrada y que viven una forma de vida contemplativa, lo hacen como clarisas&#8230;<\/p>\n","protected":false},"author":2,"featured_media":0,"parent":0,"menu_order":0,"comment_status":"open","ping_status":"closed","template":"full_width.php","meta":[],"yoast_head":"<!-- This site is optimized with the Yoast SEO plugin v17.6 - https:\/\/yoast.com\/wordpress\/plugins\/seo\/ -->\n<title>C\u00f3mo viven las Hermanas Pobres: estilo de vida contemplativo en Girona ESCRITOS DE SANTA CLARA<\/title>\n<meta name=\"description\" content=\"Oraci\u00f3n, formaci\u00f3n y trabajo en la Fraternidad de Clarisas de Vilob\u00ed d&#039;Onyar - Girona: vida contemplativa siguiendo los pasos de Santa Clara de As\u00eds.\" \/>\n<meta name=\"robots\" content=\"index, follow, max-snippet:-1, max-image-preview:large, max-video-preview:-1\" \/>\n<link rel=\"canonical\" href=\"https:\/\/clarisas.cat\/es\/identidad\/\" \/>\n<meta property=\"og:locale\" content=\"es_ES\" \/>\n<meta property=\"og:type\" content=\"article\" \/>\n<meta property=\"og:title\" content=\"C\u00f3mo viven las Hermanas Pobres: estilo de vida contemplativo en Girona ESCRITOS DE SANTA CLARA\" \/>\n<meta property=\"og:description\" content=\"Oraci\u00f3n, formaci\u00f3n y trabajo en la Fraternidad de Clarisas de Vilob\u00ed d&#039;Onyar - Girona: vida contemplativa siguiendo los pasos de Santa Clara de As\u00eds.\" \/>\n<meta property=\"og:url\" content=\"https:\/\/clarisas.cat\/es\/identidad\/\" \/>\n<meta property=\"og:site_name\" content=\"Fraternitat de Clarisses de Vilob\u00ed d\u2019Onyar - Girona | Hostatgeria\" \/>\n<meta property=\"article:publisher\" content=\"https:\/\/www.facebook.com\/claradassis.fraternitatgirona\" \/>\n<meta property=\"article:modified_time\" content=\"2019-10-20T16:15:11+00:00\" \/>\n<meta name=\"twitter:card\" content=\"summary_large_image\" \/>\n<meta name=\"twitter:site\" content=\"@clarisasvilobi\" \/>\n<meta name=\"twitter:label1\" content=\"Tiempo de lectura\" \/>\n\t<meta name=\"twitter:data1\" content=\"8 minutos\" \/>\n<script type=\"application\/ld+json\" class=\"yoast-schema-graph\">{\"@context\":\"https:\/\/schema.org\",\"@graph\":[{\"@type\":\"WebSite\",\"@id\":\"https:\/\/clarisas.cat\/ca\/#website\",\"url\":\"https:\/\/clarisas.cat\/ca\/\",\"name\":\"Fraternitat de Clarisses de Vilob\\u00ed d\\u2019Onyar - Girona | Hostatgeria\",\"description\":\"Les Clarisses de Girona desitgem compartir la riquesa i joia de viure, des de la fraternitat i la preg\\u00e0ria. Obert a tothom que vulgui compartir la preg\\u00e0ria.\",\"potentialAction\":[{\"@type\":\"SearchAction\",\"target\":{\"@type\":\"EntryPoint\",\"urlTemplate\":\"https:\/\/clarisas.cat\/ca\/?s={search_term_string}\"},\"query-input\":\"required name=search_term_string\"}],\"inLanguage\":\"es\"},{\"@type\":\"WebPage\",\"@id\":\"https:\/\/clarisas.cat\/es\/identidad\/#webpage\",\"url\":\"https:\/\/clarisas.cat\/es\/identidad\/\",\"name\":\"C\\u00f3mo viven las Hermanas Pobres: estilo de vida contemplativo en Girona ESCRITOS DE SANTA CLARA\",\"isPartOf\":{\"@id\":\"https:\/\/clarisas.cat\/ca\/#website\"},\"datePublished\":\"2019-08-03T08:56:25+00:00\",\"dateModified\":\"2019-10-20T16:15:11+00:00\",\"description\":\"Oraci\\u00f3n, formaci\\u00f3n y trabajo en la Fraternidad de Clarisas de Vilob\\u00ed d'Onyar - Girona: vida contemplativa siguiendo los pasos de Santa Clara de As\\u00eds.\",\"breadcrumb\":{\"@id\":\"https:\/\/clarisas.cat\/es\/identidad\/#breadcrumb\"},\"inLanguage\":\"es\",\"potentialAction\":[{\"@type\":\"ReadAction\",\"target\":[\"https:\/\/clarisas.cat\/es\/identidad\/\"]}]},{\"@type\":\"BreadcrumbList\",\"@id\":\"https:\/\/clarisas.cat\/es\/identidad\/#breadcrumb\",\"itemListElement\":[{\"@type\":\"ListItem\",\"position\":1,\"name\":\"Inici\",\"item\":\"https:\/\/clarisas.cat\/es\/\"},{\"@type\":\"ListItem\",\"position\":2,\"name\":\"Identidad\"}]}]}<\/script>\n<!-- \/ Yoast SEO plugin. -->","yoast_head_json":{"title":"C\u00f3mo viven las Hermanas Pobres: estilo de vida contemplativo en Girona ESCRITOS DE SANTA CLARA","description":"Oraci\u00f3n, formaci\u00f3n y trabajo en la Fraternidad de Clarisas de Vilob\u00ed d'Onyar - Girona: vida contemplativa siguiendo los pasos de Santa Clara de As\u00eds.","robots":{"index":"index","follow":"follow","max-snippet":"max-snippet:-1","max-image-preview":"max-image-preview:large","max-video-preview":"max-video-preview:-1"},"canonical":"https:\/\/clarisas.cat\/es\/identidad\/","og_locale":"es_ES","og_type":"article","og_title":"C\u00f3mo viven las Hermanas Pobres: estilo de vida contemplativo en Girona ESCRITOS DE SANTA CLARA","og_description":"Oraci\u00f3n, formaci\u00f3n y trabajo en la Fraternidad de Clarisas de Vilob\u00ed d'Onyar - Girona: vida contemplativa siguiendo los pasos de Santa Clara de As\u00eds.","og_url":"https:\/\/clarisas.cat\/es\/identidad\/","og_site_name":"Fraternitat de Clarisses de Vilob\u00ed d\u2019Onyar - Girona | Hostatgeria","article_publisher":"https:\/\/www.facebook.com\/claradassis.fraternitatgirona","article_modified_time":"2019-10-20T16:15:11+00:00","twitter_card":"summary_large_image","twitter_site":"@clarisasvilobi","twitter_misc":{"Tiempo de lectura":"8 minutos"},"schema":{"@context":"https:\/\/schema.org","@graph":[{"@type":"WebSite","@id":"https:\/\/clarisas.cat\/ca\/#website","url":"https:\/\/clarisas.cat\/ca\/","name":"Fraternitat de Clarisses de Vilob\u00ed d\u2019Onyar - Girona | Hostatgeria","description":"Les Clarisses de Girona desitgem compartir la riquesa i joia de viure, des de la fraternitat i la preg\u00e0ria. Obert a tothom que vulgui compartir la preg\u00e0ria.","potentialAction":[{"@type":"SearchAction","target":{"@type":"EntryPoint","urlTemplate":"https:\/\/clarisas.cat\/ca\/?s={search_term_string}"},"query-input":"required name=search_term_string"}],"inLanguage":"es"},{"@type":"WebPage","@id":"https:\/\/clarisas.cat\/es\/identidad\/#webpage","url":"https:\/\/clarisas.cat\/es\/identidad\/","name":"C\u00f3mo viven las Hermanas Pobres: estilo de vida contemplativo en Girona ESCRITOS DE SANTA CLARA","isPartOf":{"@id":"https:\/\/clarisas.cat\/ca\/#website"},"datePublished":"2019-08-03T08:56:25+00:00","dateModified":"2019-10-20T16:15:11+00:00","description":"Oraci\u00f3n, formaci\u00f3n y trabajo en la Fraternidad de Clarisas de Vilob\u00ed d'Onyar - Girona: vida contemplativa siguiendo los pasos de Santa Clara de As\u00eds.","breadcrumb":{"@id":"https:\/\/clarisas.cat\/es\/identidad\/#breadcrumb"},"inLanguage":"es","potentialAction":[{"@type":"ReadAction","target":["https:\/\/clarisas.cat\/es\/identidad\/"]}]},{"@type":"BreadcrumbList","@id":"https:\/\/clarisas.cat\/es\/identidad\/#breadcrumb","itemListElement":[{"@type":"ListItem","position":1,"name":"Inici","item":"https:\/\/clarisas.cat\/es\/"},{"@type":"ListItem","position":2,"name":"Identidad"}]}]}},"_links":{"self":[{"href":"https:\/\/clarisas.cat\/es\/wp-json\/wp\/v2\/pages\/15693"}],"collection":[{"href":"https:\/\/clarisas.cat\/es\/wp-json\/wp\/v2\/pages"}],"about":[{"href":"https:\/\/clarisas.cat\/es\/wp-json\/wp\/v2\/types\/page"}],"author":[{"embeddable":true,"href":"https:\/\/clarisas.cat\/es\/wp-json\/wp\/v2\/users\/2"}],"replies":[{"embeddable":true,"href":"https:\/\/clarisas.cat\/es\/wp-json\/wp\/v2\/comments?post=15693"}],"version-history":[{"count":35,"href":"https:\/\/clarisas.cat\/es\/wp-json\/wp\/v2\/pages\/15693\/revisions"}],"predecessor-version":[{"id":17354,"href":"https:\/\/clarisas.cat\/es\/wp-json\/wp\/v2\/pages\/15693\/revisions\/17354"}],"wp:attachment":[{"href":"https:\/\/clarisas.cat\/es\/wp-json\/wp\/v2\/media?parent=15693"}],"curies":[{"name":"wp","href":"https:\/\/api.w.org\/{rel}","templated":true}]}}