{"id":15697,"date":"2019-08-03T10:58:12","date_gmt":"2019-08-03T08:58:12","guid":{"rendered":"https:\/\/clarisas.cat\/?page_id=15697"},"modified":"2019-10-13T00:42:32","modified_gmt":"2019-10-12T22:42:32","slug":"cookies","status":"publish","type":"page","link":"https:\/\/clarisas.cat\/es\/cookies\/","title":{"rendered":"Pol\u00edtica de cookies"},"content":{"rendered":"<p>[vc_row css_animation=\u00bb\u00bb row_type=\u00bbrow\u00bb use_row_as_full_screen_section=\u00bbno\u00bb type=\u00bbgrid\u00bb angled_section=\u00bbno\u00bb text_align=\u00bbleft\u00bb background_image_as_pattern=\u00bbwithout_pattern\u00bb padding_bottom=\u00bb37&#8243;][vc_column][vc_column_text]<\/p>\n<h5>Politica de Cookies<\/h5>\n<p>[\/vc_column_text][vc_separator type=\u00bbtransparent\u00bb up=\u00bb16&#8243; down=\u00bb0&#8243;][vc_column_text]La Fraternidad de santa Clara os informa que la navegaci\u00f3n de un usuario por este web deja como rastro la direcci\u00f3n IP que le ha sido asignada por su proveedor de acceso a Internet. Solo se usa esta direcci\u00f3n parausos exclusivamente internos, como son las estad\u00edsticas de acceso al Portal.<\/p>\n<p>Para la utilizaci\u00f3n de esta web, es posible que se usen cookies. Los cookies que se puedan utilizar se asocian \u00fanicamente con el navegador de un ordenador determinado (un usuario an\u00f3nimo), y no proporcionan por s\u00ed mismas ning\u00fan dato personal del usuario.[\/vc_column_text][vc_separator type=\u00bbtransparent\u00bb up=\u00bb50&#8243; down=\u00bb0&#8243;][\/vc_column][\/vc_row]<\/p>\n","protected":false},"excerpt":{"rendered":"<p>[vc_row css_animation=\u00bb\u00bb row_type=\u00bbrow\u00bb use_row_as_full_screen_section=\u00bbno\u00bb type=\u00bbgrid\u00bb angled_section=\u00bbno\u00bb text_align=\u00bbleft\u00bb background_image_as_pattern=\u00bbwithout_pattern\u00bb padding_bottom=\u00bb37&#8243;][vc_column][vc_column_text] Politica de Cookies [\/vc_column_text][vc_separator type=\u00bbtransparent\u00bb up=\u00bb16&#8243; down=\u00bb0&#8243;][vc_column_text]La Fraternidad de santa Clara os informa que la navegaci\u00f3n de un usuario por este web deja como rastro la direcci\u00f3n IP que le ha sido asignada por su proveedor&#8230;<\/p>\n","protected":false},"author":2,"featured_media":0,"parent":0,"menu_order":0,"comment_status":"closed","ping_status":"closed","template":"","meta":[],"yoast_head":"<!-- This site is optimized with the Yoast SEO plugin v17.6 - https:\/\/yoast.com\/wordpress\/plugins\/seo\/ -->\n<title>Pol\u00edtica de cookies | Fraternidad de Clarisas de Vilob\u00ed d&#039;Onyar - Girona<\/title>\n<meta name=\"description\" content=\"Consulta la pol\u00edtica de cookies de la web de la Fraternidad de Clarisas de Vilob\u00ed d&#039;Onyar - Girona\" \/>\n<meta name=\"robots\" content=\"noindex, nofollow\" \/>\n<meta property=\"og:locale\" content=\"es_ES\" \/>\n<meta property=\"og:type\" content=\"article\" \/>\n<meta property=\"og:title\" content=\"Pol\u00edtica de cookies | Fraternidad de Clarisas de Vilob\u00ed d&#039;Onyar - Girona\" \/>\n<meta property=\"og:description\" content=\"Consulta la pol\u00edtica de cookies de la web de la Fraternidad de Clarisas de Vilob\u00ed d&#039;Onyar - Girona\" \/>\n<meta property=\"og:url\" content=\"https:\/\/clarisas.cat\/es\/cookies\/\" \/>\n<meta property=\"og:site_name\" content=\"Fraternitat de Clarisses de Vilob\u00ed d\u2019Onyar - Girona | Hostatgeria\" \/>\n<meta property=\"article:publisher\" content=\"https:\/\/www.facebook.com\/claradassis.fraternitatgirona\" \/>\n<meta property=\"article:modified_time\" content=\"2019-10-12T22:42:32+00:00\" \/>\n<meta name=\"twitter:card\" content=\"summary_large_image\" \/>\n<meta name=\"twitter:site\" content=\"@clarisasvilobi\" \/>\n<meta name=\"twitter:label1\" content=\"Tiempo de lectura\" \/>\n\t<meta name=\"twitter:data1\" content=\"1 minuto\" \/>\n<script type=\"application\/ld+json\" class=\"yoast-schema-graph\">{\"@context\":\"https:\/\/schema.org\",\"@graph\":[{\"@type\":\"WebSite\",\"@id\":\"https:\/\/clarisas.cat\/ca\/#website\",\"url\":\"https:\/\/clarisas.cat\/ca\/\",\"name\":\"Fraternitat de Clarisses de Vilob\\u00ed d\\u2019Onyar - Girona | Hostatgeria\",\"description\":\"Les Clarisses de Girona desitgem compartir la riquesa i joia de viure, des de la fraternitat i la preg\\u00e0ria. Obert a tothom que vulgui compartir la preg\\u00e0ria.\",\"potentialAction\":[{\"@type\":\"SearchAction\",\"target\":{\"@type\":\"EntryPoint\",\"urlTemplate\":\"https:\/\/clarisas.cat\/ca\/?s={search_term_string}\"},\"query-input\":\"required name=search_term_string\"}],\"inLanguage\":\"es\"},{\"@type\":\"WebPage\",\"@id\":\"https:\/\/clarisas.cat\/es\/cookies\/#webpage\",\"url\":\"https:\/\/clarisas.cat\/es\/cookies\/\",\"name\":\"Pol\\u00edtica de cookies | Fraternidad de Clarisas de Vilob\\u00ed d'Onyar - Girona\",\"isPartOf\":{\"@id\":\"https:\/\/clarisas.cat\/ca\/#website\"},\"datePublished\":\"2019-08-03T08:58:12+00:00\",\"dateModified\":\"2019-10-12T22:42:32+00:00\",\"description\":\"Consulta la pol\\u00edtica de cookies de la web de la Fraternidad de Clarisas de Vilob\\u00ed d'Onyar - Girona\",\"breadcrumb\":{\"@id\":\"https:\/\/clarisas.cat\/es\/cookies\/#breadcrumb\"},\"inLanguage\":\"es\",\"potentialAction\":[{\"@type\":\"ReadAction\",\"target\":[\"https:\/\/clarisas.cat\/es\/cookies\/\"]}]},{\"@type\":\"BreadcrumbList\",\"@id\":\"https:\/\/clarisas.cat\/es\/cookies\/#breadcrumb\",\"itemListElement\":[{\"@type\":\"ListItem\",\"position\":1,\"name\":\"Inici\",\"item\":\"https:\/\/clarisas.cat\/es\/\"},{\"@type\":\"ListItem\",\"position\":2,\"name\":\"Pol\\u00edtica de cookies\"}]}]}<\/script>\n<!-- \/ Yoast SEO plugin. -->","yoast_head_json":{"title":"Pol\u00edtica de cookies | Fraternidad de Clarisas de Vilob\u00ed d'Onyar - Girona","description":"Consulta la pol\u00edtica de cookies de la web de la Fraternidad de Clarisas de Vilob\u00ed d'Onyar - Girona","robots":{"index":"noindex","follow":"nofollow"},"og_locale":"es_ES","og_type":"article","og_title":"Pol\u00edtica de cookies | Fraternidad de Clarisas de Vilob\u00ed d'Onyar - Girona","og_description":"Consulta la pol\u00edtica de cookies de la web de la Fraternidad de Clarisas de Vilob\u00ed d'Onyar - Girona","og_url":"https:\/\/clarisas.cat\/es\/cookies\/","og_site_name":"Fraternitat de Clarisses de Vilob\u00ed d\u2019Onyar - Girona | Hostatgeria","article_publisher":"https:\/\/www.facebook.com\/claradassis.fraternitatgirona","article_modified_time":"2019-10-12T22:42:32+00:00","twitter_card":"summary_large_image","twitter_site":"@clarisasvilobi","twitter_misc":{"Tiempo de lectura":"1 minuto"},"schema":{"@context":"https:\/\/schema.org","@graph":[{"@type":"WebSite","@id":"https:\/\/clarisas.cat\/ca\/#website","url":"https:\/\/clarisas.cat\/ca\/","name":"Fraternitat de Clarisses de Vilob\u00ed d\u2019Onyar - Girona | Hostatgeria","description":"Les Clarisses de Girona desitgem compartir la riquesa i joia de viure, des de la fraternitat i la preg\u00e0ria. Obert a tothom que vulgui compartir la preg\u00e0ria.","potentialAction":[{"@type":"SearchAction","target":{"@type":"EntryPoint","urlTemplate":"https:\/\/clarisas.cat\/ca\/?s={search_term_string}"},"query-input":"required name=search_term_string"}],"inLanguage":"es"},{"@type":"WebPage","@id":"https:\/\/clarisas.cat\/es\/cookies\/#webpage","url":"https:\/\/clarisas.cat\/es\/cookies\/","name":"Pol\u00edtica de cookies | Fraternidad de Clarisas de Vilob\u00ed d'Onyar - Girona","isPartOf":{"@id":"https:\/\/clarisas.cat\/ca\/#website"},"datePublished":"2019-08-03T08:58:12+00:00","dateModified":"2019-10-12T22:42:32+00:00","description":"Consulta la pol\u00edtica de cookies de la web de la Fraternidad de Clarisas de Vilob\u00ed d'Onyar - Girona","breadcrumb":{"@id":"https:\/\/clarisas.cat\/es\/cookies\/#breadcrumb"},"inLanguage":"es","potentialAction":[{"@type":"ReadAction","target":["https:\/\/clarisas.cat\/es\/cookies\/"]}]},{"@type":"BreadcrumbList","@id":"https:\/\/clarisas.cat\/es\/cookies\/#breadcrumb","itemListElement":[{"@type":"ListItem","position":1,"name":"Inici","item":"https:\/\/clarisas.cat\/es\/"},{"@type":"ListItem","position":2,"name":"Pol\u00edtica de cookies"}]}]}},"_links":{"self":[{"href":"https:\/\/clarisas.cat\/es\/wp-json\/wp\/v2\/pages\/15697"}],"collection":[{"href":"https:\/\/clarisas.cat\/es\/wp-json\/wp\/v2\/pages"}],"about":[{"href":"https:\/\/clarisas.cat\/es\/wp-json\/wp\/v2\/types\/page"}],"author":[{"embeddable":true,"href":"https:\/\/clarisas.cat\/es\/wp-json\/wp\/v2\/users\/2"}],"replies":[{"embeddable":true,"href":"https:\/\/clarisas.cat\/es\/wp-json\/wp\/v2\/comments?post=15697"}],"version-history":[{"count":4,"href":"https:\/\/clarisas.cat\/es\/wp-json\/wp\/v2\/pages\/15697\/revisions"}],"predecessor-version":[{"id":17191,"href":"https:\/\/clarisas.cat\/es\/wp-json\/wp\/v2\/pages\/15697\/revisions\/17191"}],"wp:attachment":[{"href":"https:\/\/clarisas.cat\/es\/wp-json\/wp\/v2\/media?parent=15697"}],"curies":[{"name":"wp","href":"https:\/\/api.w.org\/{rel}","templated":true}]}}