{"id":15699,"date":"2019-08-03T10:58:44","date_gmt":"2019-08-03T08:58:44","guid":{"rendered":"https:\/\/clarisas.cat\/?page_id=15699"},"modified":"2019-10-13T00:48:24","modified_gmt":"2019-10-12T22:48:24","slug":"politica-privacidad","status":"publish","type":"page","link":"https:\/\/clarisas.cat\/es\/politica-privacidad\/","title":{"rendered":"Pol\u00edtica de privacidad"},"content":{"rendered":"<p>[vc_row css_animation=\u00bb\u00bb row_type=\u00bbrow\u00bb use_row_as_full_screen_section=\u00bbno\u00bb type=\u00bbgrid\u00bb angled_section=\u00bbno\u00bb text_align=\u00bbleft\u00bb background_image_as_pattern=\u00bbwithout_pattern\u00bb padding_bottom=\u00bb37&#8243;][vc_column][vc_column_text]<\/p>\n<h3>Alcance de la pol\u00edtica de protecci\u00f3n de datos<\/h3>\n<p>[\/vc_column_text][vc_separator type=\u00bbtransparent\u00bb up=\u00bb16&#8243; down=\u00bb0&#8243;][vc_column_text]La presente pol\u00edtica sobre el tratamiento de datos personales ser\u00e1 aplicable a los usuarios de la web de la Fraternidad de Santa clara, as\u00ed como a todas aquellas personas f\u00edsicas que faciliten sus datos personales a la Fraternidad santa Clara a trav\u00e9s de las v\u00edas habilitadas para ello. (P\u00e1gina web, correo postal, correo electr\u00f3nico, tel\u00e9fono).[\/vc_column_text][vc_separator type=\u00bbtransparent\u00bb up=\u00bb50&#8243; down=\u00bb0&#8243;][\/vc_column][\/vc_row]<\/p>\n","protected":false},"excerpt":{"rendered":"<p>[vc_row css_animation=\u00bb\u00bb row_type=\u00bbrow\u00bb use_row_as_full_screen_section=\u00bbno\u00bb type=\u00bbgrid\u00bb angled_section=\u00bbno\u00bb text_align=\u00bbleft\u00bb background_image_as_pattern=\u00bbwithout_pattern\u00bb padding_bottom=\u00bb37&#8243;][vc_column][vc_column_text] Alcance de la pol\u00edtica de protecci\u00f3n de datos [\/vc_column_text][vc_separator type=\u00bbtransparent\u00bb up=\u00bb16&#8243; down=\u00bb0&#8243;][vc_column_text]La presente pol\u00edtica sobre el tratamiento de datos personales ser\u00e1 aplicable a los usuarios de la web de la Fraternidad de Santa clara, as\u00ed como&#8230;<\/p>\n","protected":false},"author":2,"featured_media":0,"parent":0,"menu_order":0,"comment_status":"closed","ping_status":"closed","template":"","meta":[],"yoast_head":"<!-- This site is optimized with the Yoast SEO plugin v17.6 - https:\/\/yoast.com\/wordpress\/plugins\/seo\/ -->\n<title>Pol\u00edtica de privacidad | Fraternidad de Clarisas de Vilob\u00ed d&#039;Onyar - Girona<\/title>\n<meta name=\"description\" content=\"Consulta la pol\u00edtica de privacidad de la web de la Fraternidad de Clarisas de Vilob\u00ed d&#039;Onyar - Girona\" \/>\n<meta name=\"robots\" content=\"noindex, nofollow\" \/>\n<meta property=\"og:locale\" content=\"es_ES\" \/>\n<meta property=\"og:type\" content=\"article\" \/>\n<meta property=\"og:title\" content=\"Pol\u00edtica de privacidad | Fraternidad de Clarisas de Vilob\u00ed d&#039;Onyar - Girona\" \/>\n<meta property=\"og:description\" content=\"Consulta la pol\u00edtica de privacidad de la web de la Fraternidad de Clarisas de Vilob\u00ed d&#039;Onyar - Girona\" \/>\n<meta property=\"og:url\" content=\"https:\/\/clarisas.cat\/es\/politica-privacidad\/\" \/>\n<meta property=\"og:site_name\" content=\"Fraternitat de Clarisses de Vilob\u00ed d\u2019Onyar - Girona | Hostatgeria\" \/>\n<meta property=\"article:publisher\" content=\"https:\/\/www.facebook.com\/claradassis.fraternitatgirona\" \/>\n<meta property=\"article:modified_time\" content=\"2019-10-12T22:48:24+00:00\" \/>\n<meta name=\"twitter:card\" content=\"summary_large_image\" \/>\n<meta name=\"twitter:site\" content=\"@clarisasvilobi\" \/>\n<meta name=\"twitter:label1\" content=\"Tiempo de lectura\" \/>\n\t<meta name=\"twitter:data1\" content=\"1 minuto\" \/>\n<script type=\"application\/ld+json\" class=\"yoast-schema-graph\">{\"@context\":\"https:\/\/schema.org\",\"@graph\":[{\"@type\":\"WebSite\",\"@id\":\"https:\/\/clarisas.cat\/ca\/#website\",\"url\":\"https:\/\/clarisas.cat\/ca\/\",\"name\":\"Fraternitat de Clarisses de Vilob\\u00ed d\\u2019Onyar - Girona | Hostatgeria\",\"description\":\"Les Clarisses de Girona desitgem compartir la riquesa i joia de viure, des de la fraternitat i la preg\\u00e0ria. Obert a tothom que vulgui compartir la preg\\u00e0ria.\",\"potentialAction\":[{\"@type\":\"SearchAction\",\"target\":{\"@type\":\"EntryPoint\",\"urlTemplate\":\"https:\/\/clarisas.cat\/ca\/?s={search_term_string}\"},\"query-input\":\"required name=search_term_string\"}],\"inLanguage\":\"es\"},{\"@type\":\"WebPage\",\"@id\":\"https:\/\/clarisas.cat\/es\/politica-privacidad\/#webpage\",\"url\":\"https:\/\/clarisas.cat\/es\/politica-privacidad\/\",\"name\":\"Pol\\u00edtica de privacidad | Fraternidad de Clarisas de Vilob\\u00ed d'Onyar - Girona\",\"isPartOf\":{\"@id\":\"https:\/\/clarisas.cat\/ca\/#website\"},\"datePublished\":\"2019-08-03T08:58:44+00:00\",\"dateModified\":\"2019-10-12T22:48:24+00:00\",\"description\":\"Consulta la pol\\u00edtica de privacidad de la web de la Fraternidad de Clarisas de Vilob\\u00ed d'Onyar - Girona\",\"breadcrumb\":{\"@id\":\"https:\/\/clarisas.cat\/es\/politica-privacidad\/#breadcrumb\"},\"inLanguage\":\"es\",\"potentialAction\":[{\"@type\":\"ReadAction\",\"target\":[\"https:\/\/clarisas.cat\/es\/politica-privacidad\/\"]}]},{\"@type\":\"BreadcrumbList\",\"@id\":\"https:\/\/clarisas.cat\/es\/politica-privacidad\/#breadcrumb\",\"itemListElement\":[{\"@type\":\"ListItem\",\"position\":1,\"name\":\"Inici\",\"item\":\"https:\/\/clarisas.cat\/es\/\"},{\"@type\":\"ListItem\",\"position\":2,\"name\":\"Pol\\u00edtica de privacidad\"}]}]}<\/script>\n<!-- \/ Yoast SEO plugin. -->","yoast_head_json":{"title":"Pol\u00edtica de privacidad | Fraternidad de Clarisas de Vilob\u00ed d'Onyar - Girona","description":"Consulta la pol\u00edtica de privacidad de la web de la Fraternidad de Clarisas de Vilob\u00ed d'Onyar - Girona","robots":{"index":"noindex","follow":"nofollow"},"og_locale":"es_ES","og_type":"article","og_title":"Pol\u00edtica de privacidad | Fraternidad de Clarisas de Vilob\u00ed d'Onyar - Girona","og_description":"Consulta la pol\u00edtica de privacidad de la web de la Fraternidad de Clarisas de Vilob\u00ed d'Onyar - Girona","og_url":"https:\/\/clarisas.cat\/es\/politica-privacidad\/","og_site_name":"Fraternitat de Clarisses de Vilob\u00ed d\u2019Onyar - Girona | Hostatgeria","article_publisher":"https:\/\/www.facebook.com\/claradassis.fraternitatgirona","article_modified_time":"2019-10-12T22:48:24+00:00","twitter_card":"summary_large_image","twitter_site":"@clarisasvilobi","twitter_misc":{"Tiempo de lectura":"1 minuto"},"schema":{"@context":"https:\/\/schema.org","@graph":[{"@type":"WebSite","@id":"https:\/\/clarisas.cat\/ca\/#website","url":"https:\/\/clarisas.cat\/ca\/","name":"Fraternitat de Clarisses de Vilob\u00ed d\u2019Onyar - Girona | Hostatgeria","description":"Les Clarisses de Girona desitgem compartir la riquesa i joia de viure, des de la fraternitat i la preg\u00e0ria. Obert a tothom que vulgui compartir la preg\u00e0ria.","potentialAction":[{"@type":"SearchAction","target":{"@type":"EntryPoint","urlTemplate":"https:\/\/clarisas.cat\/ca\/?s={search_term_string}"},"query-input":"required name=search_term_string"}],"inLanguage":"es"},{"@type":"WebPage","@id":"https:\/\/clarisas.cat\/es\/politica-privacidad\/#webpage","url":"https:\/\/clarisas.cat\/es\/politica-privacidad\/","name":"Pol\u00edtica de privacidad | Fraternidad de Clarisas de Vilob\u00ed d'Onyar - Girona","isPartOf":{"@id":"https:\/\/clarisas.cat\/ca\/#website"},"datePublished":"2019-08-03T08:58:44+00:00","dateModified":"2019-10-12T22:48:24+00:00","description":"Consulta la pol\u00edtica de privacidad de la web de la Fraternidad de Clarisas de Vilob\u00ed d'Onyar - Girona","breadcrumb":{"@id":"https:\/\/clarisas.cat\/es\/politica-privacidad\/#breadcrumb"},"inLanguage":"es","potentialAction":[{"@type":"ReadAction","target":["https:\/\/clarisas.cat\/es\/politica-privacidad\/"]}]},{"@type":"BreadcrumbList","@id":"https:\/\/clarisas.cat\/es\/politica-privacidad\/#breadcrumb","itemListElement":[{"@type":"ListItem","position":1,"name":"Inici","item":"https:\/\/clarisas.cat\/es\/"},{"@type":"ListItem","position":2,"name":"Pol\u00edtica de privacidad"}]}]}},"_links":{"self":[{"href":"https:\/\/clarisas.cat\/es\/wp-json\/wp\/v2\/pages\/15699"}],"collection":[{"href":"https:\/\/clarisas.cat\/es\/wp-json\/wp\/v2\/pages"}],"about":[{"href":"https:\/\/clarisas.cat\/es\/wp-json\/wp\/v2\/types\/page"}],"author":[{"embeddable":true,"href":"https:\/\/clarisas.cat\/es\/wp-json\/wp\/v2\/users\/2"}],"replies":[{"embeddable":true,"href":"https:\/\/clarisas.cat\/es\/wp-json\/wp\/v2\/comments?post=15699"}],"version-history":[{"count":4,"href":"https:\/\/clarisas.cat\/es\/wp-json\/wp\/v2\/pages\/15699\/revisions"}],"predecessor-version":[{"id":17193,"href":"https:\/\/clarisas.cat\/es\/wp-json\/wp\/v2\/pages\/15699\/revisions\/17193"}],"wp:attachment":[{"href":"https:\/\/clarisas.cat\/es\/wp-json\/wp\/v2\/media?parent=15699"}],"curies":[{"name":"wp","href":"https:\/\/api.w.org\/{rel}","templated":true}]}}