{"id":15702,"date":"2019-08-03T11:00:14","date_gmt":"2019-08-03T09:00:14","guid":{"rendered":"https:\/\/clarisas.cat\/?page_id=15702"},"modified":"2019-10-22T16:49:39","modified_gmt":"2019-10-22T14:49:39","slug":"rezamos-por-ti","status":"publish","type":"page","link":"https:\/\/clarisas.cat\/es\/rezamos-por-ti\/","title":{"rendered":"Rezamos por ti"},"content":{"rendered":"<p>[vc_row css_animation=\u00bb\u00bb row_type=\u00bbrow\u00bb use_row_as_full_screen_section=\u00bbno\u00bb type=\u00bbgrid\u00bb angled_section=\u00bbno\u00bb text_align=\u00bbleft\u00bb background_image_as_pattern=\u00bbwithout_pattern\u00bb padding_top=\u00bb70&#8243; padding_bottom=\u00bb60&#8243;][vc_column offset=\u00bbvc_col-xs-12&#8243;][vc_single_image image=\u00bb16135&#8243; img_size=\u00bbfull\u00bb alignment=\u00bbcenter\u00bb qode_css_animation=\u00bb\u00bb][vc_separator type=\u00bbtransparent\u00bb up=\u00bb16&#8243; down=\u00bb0&#8243;][vc_column_text]<\/p>\n<h1 style=\"text-align: center;\">ORAR ES AMAR!<\/h1>\n<p>[\/vc_column_text][vc_separator type=\u00bbtransparent\u00bb up=\u00bb10&#8243; down=\u00bb0&#8243;][vc_column_text]<\/p>\n<h4 style=\"text-align: center;\">Como hermanas clarisas, herederas del patrimonio espiritual de Clara y Francisco de As\u00eds, nuestra \u201coraci\u00f3n\u201d es una roca donde se puede recolzar la Iglesia y toda la comunidad humana. Clara nos encomend\u00f3 a las hermanas que seamos \u201csostenedoras de los miembros m\u00e1s d\u00e9biles del Cuerpo M\u00edstico de Cristo\u201d.<\/h4>\n<p>[\/vc_column_text][\/vc_column][\/vc_row][vc_row css_animation=\u00bb\u00bb row_type=\u00bbrow\u00bb use_row_as_full_screen_section=\u00bbno\u00bb type=\u00bbgrid\u00bb angled_section=\u00bbno\u00bb text_align=\u00bbleft\u00bb background_image_as_pattern=\u00bbwithout_pattern\u00bb padding_bottom=\u00bb37&#8243;][vc_column width=\u00bb1\/2&#8243;][vc_separator type=\u00bbtransparent\u00bb up=\u00bb2&#8243; down=\u00bb0&#8243;][vc_column_text]<\/p>\n<h5><strong>LA PLEGARIA NO ES NADA M\u00c1S QUE UNA MANERA DE AMAR, DE VIVIR, DE ESTAR EN EL MUNDO Y PARA EL MUNDO.<\/strong><\/h5>\n<p>[\/vc_column_text][vc_column_text]Esta misi\u00f3n la cumplimos porque entre toda la creaci\u00f3n existe una interconexi\u00f3n misteriosa y divina a la vea. Cuando en la oraci\u00f3n abrimos nuestra persona en su totalidad a Dios, colaboramos a recrear y revivir la conciencia colectiva de su presencia en nuestro mundo.[\/vc_column_text][vc_separator type=\u00bbtransparent\u00bb up=\u00bb2&#8243; down=\u00bb0&#8243;][vc_column_text]Una de las dimensiones de nuestra misi\u00f3n orante es alimentar y mantener, en la medida de lo posible, una verdadera uni\u00f3n en solidaridad con todos los pueblos y con todos sus habitantes.[\/vc_column_text][vc_separator type=\u00bbtransparent\u00bb up=\u00bb2&#8243; down=\u00bb0&#8243;][vc_column_text]Una segunda dimensi\u00f3n de esta misi\u00f3n contemplativa es reflejar los valores evang\u00e9licos de fraternidad, solidaridad, servicio\u2026 para que se manifiesten, en todas sus dimensiones, a la persona de hoy.[\/vc_column_text][vc_separator type=\u00bbtransparent\u00bb up=\u00bb2&#8243; down=\u00bb0&#8243;][vc_column_text]De aqu\u00ed que en nuestra formaci\u00f3n espiritual exista una prioridad fundamental: descubrir y profundizar, vital y personalmente, la oraci\u00f3n contemplativa. Siendo necesario un tiempo de soledad, unos espacios para la oraci\u00f3n y la reflexi\u00f3n personal, porque ser\u00e1 la riqueza espiritual de cada hermana la que enriquezca nuestra oraci\u00f3n comunitaria.[\/vc_column_text][vc_separator type=\u00bbtransparent\u00bb up=\u00bb2&#8243; down=\u00bb0&#8243;][vc_column_text]Como\u00a0 hijas de Francisco y Clara de As\u00eds, hemos descubierto que Dios nos llama a vivir en profunda comuni\u00f3n con toda la creaci\u00f3n y eso nos exige una forma de vida en simplicidad y respeto a la madre tierra porque es ella la \u201cnos nutre y alimenta\u201d.[\/vc_column_text][vc_separator type=\u00bbtransparent\u00bb up=\u00bb50&#8243; down=\u00bb0&#8243;][\/vc_column][vc_column width=\u00bb1\/2&#8243;][vc_separator type=\u00bbtransparent\u00bb up=\u00bb7&#8243; down=\u00bb0&#8243;][vc_separator type=\u00bbtransparent\u00bb up=\u00bb7&#8243; down=\u00bb0&#8243;][vc_separator type=\u00bbtransparent\u00bb up=\u00bb7&#8243; down=\u00bb0&#8243;][vc_separator type=\u00bbtransparent\u00bb up=\u00bb7&#8243; down=\u00bb0&#8243;][vc_separator type=\u00bbtransparent\u00bb up=\u00bb7&#8243; down=\u00bb0&#8243;][vc_separator type=\u00bbtransparent\u00bb up=\u00bb7&#8243; down=\u00bb0&#8243;][vc_separator type=\u00bbtransparent\u00bb up=\u00bb7&#8243; down=\u00bb0&#8243;][vc_separator type=\u00bbtransparent\u00bb up=\u00bb7&#8243; down=\u00bb0&#8243;][vc_separator type=\u00bbtransparent\u00bb up=\u00bb7&#8243; down=\u00bb0&#8243;][vc_separator type=\u00bbtransparent\u00bb up=\u00bb7&#8243; down=\u00bb0&#8243;][vc_separator type=\u00bbtransparent\u00bb up=\u00bb7&#8243; down=\u00bb0&#8243;][vc_separator type=\u00bbtransparent\u00bb up=\u00bb7&#8243; down=\u00bb0&#8243;][vc_empty_space][vc_separator type=\u00bbtransparent\u00bb up=\u00bb7&#8243; down=\u00bb0&#8243;][vc_separator type=\u00bbtransparent\u00bb up=\u00bb7&#8243; down=\u00bb0&#8243;][vc_single_image image=\u00bb17157&#8243; img_size=\u00bbfull\u00bb alignment=\u00bbcenter\u00bb qode_css_animation=\u00bbelement_from_fade\u00bb transition_delay=\u00bb0.4&#8243;][vc_separator type=\u00bbtransparent\u00bb up=\u00bb50&#8243; down=\u00bb0&#8243;][\/vc_column][\/vc_row][vc_row css_animation=\u00bb\u00bb row_type=\u00bbrow\u00bb use_row_as_full_screen_section=\u00bbno\u00bb type=\u00bbgrid\u00bb angled_section=\u00bbno\u00bb text_align=\u00bbleft\u00bb background_image_as_pattern=\u00bbwithout_pattern\u00bb padding_top=\u00bb70&#8243; padding_bottom=\u00bb60&#8243; background_image=\u00bb15320&#8243; z_index=\u00bb\u00bb background_color=\u00bb#ffffff\u00bb][vc_column offset=\u00bbvc_col-lg-offset-1 vc_col-lg-10 vc_col-md-offset-1 vc_col-md-10 vc_col-xs-12&#8243;][vc_single_image image=\u00bb15666&#8243; img_size=\u00bbfull\u00bb alignment=\u00bbcenter\u00bb qode_css_animation=\u00bb\u00bb][vc_separator type=\u00bbtransparent\u00bb up=\u00bb16&#8243; down=\u00bb0&#8243;][vc_column_text]<\/p>\n<h2 style=\"text-align: center;\"><span style=\"color: #ffffff;\">ANTE LOS OJOS DE DIOS NO HAY NECESIDAD INSIGNIFICANTE O DESPROPORCIONADA.<\/span><\/h2>\n<p>[\/vc_column_text][vc_separator type=\u00bbtransparent\u00bb up=\u00bb10&#8243; down=\u00bb0&#8243;][vc_column_text]<\/p>\n<h4 style=\"text-align: center;\"><span style=\"color: #ffffff;\">PUEDES CONFIARNOS TUS INQUIETUDES\u2026 Y LAS CONVERTIREMOS EN PLEGARIA.<\/span><\/h4>\n<p>[\/vc_column_text][\/vc_column][\/vc_row]<\/p>\n","protected":false},"excerpt":{"rendered":"<p>[vc_row css_animation=\u00bb\u00bb row_type=\u00bbrow\u00bb use_row_as_full_screen_section=\u00bbno\u00bb type=\u00bbgrid\u00bb angled_section=\u00bbno\u00bb text_align=\u00bbleft\u00bb background_image_as_pattern=\u00bbwithout_pattern\u00bb padding_top=\u00bb70&#8243; padding_bottom=\u00bb60&#8243;][vc_column offset=\u00bbvc_col-xs-12&#8243;][vc_single_image image=\u00bb16135&#8243; img_size=\u00bbfull\u00bb alignment=\u00bbcenter\u00bb qode_css_animation=\u00bb\u00bb][vc_separator type=\u00bbtransparent\u00bb up=\u00bb16&#8243; down=\u00bb0&#8243;][vc_column_text] ORAR ES AMAR! [\/vc_column_text][vc_separator type=\u00bbtransparent\u00bb up=\u00bb10&#8243; down=\u00bb0&#8243;][vc_column_text] Como hermanas clarisas, herederas del patrimonio espiritual de Clara y Francisco de As\u00eds, nuestra \u201coraci\u00f3n\u201d es una roca donde se&#8230;<\/p>\n","protected":false},"author":2,"featured_media":15900,"parent":0,"menu_order":0,"comment_status":"open","ping_status":"closed","template":"full_width.php","meta":[],"yoast_head":"<!-- This site is optimized with the Yoast SEO plugin v17.6 - https:\/\/yoast.com\/wordpress\/plugins\/seo\/ -->\n<title>Oraci\u00f3n solidaria e inclusiva | Fraternidad de Clarisas, Girona<\/title>\n<meta name=\"description\" content=\"Siguiendo el esp\u00edritu de Clara y Francisco de As\u00eds, en la Fraternidad de Clarisas de Girona rezamos por ti. \u00a1No apaguemos el esp\u00edritu del Se\u00f1or y su acci\u00f3n!\" \/>\n<meta name=\"robots\" content=\"index, follow, max-snippet:-1, max-image-preview:large, max-video-preview:-1\" \/>\n<link rel=\"canonical\" href=\"https:\/\/clarisas.cat\/es\/rezamos-por-ti\/\" \/>\n<meta property=\"og:locale\" content=\"es_ES\" \/>\n<meta property=\"og:type\" content=\"article\" \/>\n<meta property=\"og:title\" content=\"Oraci\u00f3n solidaria e inclusiva | Fraternidad de Clarisas, Girona\" \/>\n<meta property=\"og:description\" content=\"Siguiendo el esp\u00edritu de Clara y Francisco de As\u00eds, en la Fraternidad de Clarisas de Girona rezamos por ti. \u00a1No apaguemos el esp\u00edritu del Se\u00f1or y su acci\u00f3n!\" \/>\n<meta property=\"og:url\" content=\"https:\/\/clarisas.cat\/es\/rezamos-por-ti\/\" \/>\n<meta property=\"og:site_name\" content=\"Fraternitat de Clarisses de Vilob\u00ed d\u2019Onyar - Girona | Hostatgeria\" \/>\n<meta property=\"article:publisher\" content=\"https:\/\/www.facebook.com\/claradassis.fraternitatgirona\" \/>\n<meta property=\"article:modified_time\" content=\"2019-10-22T14:49:39+00:00\" \/>\n<meta property=\"og:image\" content=\"https:\/\/clarisas.cat\/wp-content\/uploads\/2019\/08\/IMG_5074.jpg\" \/>\n\t<meta property=\"og:image:width\" content=\"800\" \/>\n\t<meta property=\"og:image:height\" content=\"600\" \/>\n<meta name=\"twitter:card\" content=\"summary_large_image\" \/>\n<meta name=\"twitter:site\" content=\"@clarisasvilobi\" \/>\n<meta name=\"twitter:label1\" content=\"Tiempo de lectura\" \/>\n\t<meta name=\"twitter:data1\" content=\"4 minutos\" \/>\n<script type=\"application\/ld+json\" class=\"yoast-schema-graph\">{\"@context\":\"https:\/\/schema.org\",\"@graph\":[{\"@type\":\"WebSite\",\"@id\":\"https:\/\/clarisas.cat\/ca\/#website\",\"url\":\"https:\/\/clarisas.cat\/ca\/\",\"name\":\"Fraternitat de Clarisses de Vilob\\u00ed d\\u2019Onyar - Girona | Hostatgeria\",\"description\":\"Les Clarisses de Girona desitgem compartir la riquesa i joia de viure, des de la fraternitat i la preg\\u00e0ria. Obert a tothom que vulgui compartir la preg\\u00e0ria.\",\"potentialAction\":[{\"@type\":\"SearchAction\",\"target\":{\"@type\":\"EntryPoint\",\"urlTemplate\":\"https:\/\/clarisas.cat\/ca\/?s={search_term_string}\"},\"query-input\":\"required name=search_term_string\"}],\"inLanguage\":\"es\"},{\"@type\":\"ImageObject\",\"@id\":\"https:\/\/clarisas.cat\/es\/rezamos-por-ti\/#primaryimage\",\"inLanguage\":\"es\",\"url\":\"https:\/\/clarisas.cat\/wp-content\/uploads\/2019\/08\/IMG_5074.jpg\",\"contentUrl\":\"https:\/\/clarisas.cat\/wp-content\/uploads\/2019\/08\/IMG_5074.jpg\",\"width\":800,\"height\":600},{\"@type\":\"WebPage\",\"@id\":\"https:\/\/clarisas.cat\/es\/rezamos-por-ti\/#webpage\",\"url\":\"https:\/\/clarisas.cat\/es\/rezamos-por-ti\/\",\"name\":\"Oraci\\u00f3n solidaria e inclusiva | Fraternidad de Clarisas, Girona\",\"isPartOf\":{\"@id\":\"https:\/\/clarisas.cat\/ca\/#website\"},\"primaryImageOfPage\":{\"@id\":\"https:\/\/clarisas.cat\/es\/rezamos-por-ti\/#primaryimage\"},\"datePublished\":\"2019-08-03T09:00:14+00:00\",\"dateModified\":\"2019-10-22T14:49:39+00:00\",\"description\":\"Siguiendo el esp\\u00edritu de Clara y Francisco de As\\u00eds, en la Fraternidad de Clarisas de Girona rezamos por ti. \\u00a1No apaguemos el esp\\u00edritu del Se\\u00f1or y su acci\\u00f3n!\",\"breadcrumb\":{\"@id\":\"https:\/\/clarisas.cat\/es\/rezamos-por-ti\/#breadcrumb\"},\"inLanguage\":\"es\",\"potentialAction\":[{\"@type\":\"ReadAction\",\"target\":[\"https:\/\/clarisas.cat\/es\/rezamos-por-ti\/\"]}]},{\"@type\":\"BreadcrumbList\",\"@id\":\"https:\/\/clarisas.cat\/es\/rezamos-por-ti\/#breadcrumb\",\"itemListElement\":[{\"@type\":\"ListItem\",\"position\":1,\"name\":\"Inici\",\"item\":\"https:\/\/clarisas.cat\/es\/\"},{\"@type\":\"ListItem\",\"position\":2,\"name\":\"Rezamos por ti\"}]}]}<\/script>\n<!-- \/ Yoast SEO plugin. -->","yoast_head_json":{"title":"Oraci\u00f3n solidaria e inclusiva | Fraternidad de Clarisas, Girona","description":"Siguiendo el esp\u00edritu de Clara y Francisco de As\u00eds, en la Fraternidad de Clarisas de Girona rezamos por ti. \u00a1No apaguemos el esp\u00edritu del Se\u00f1or y su acci\u00f3n!","robots":{"index":"index","follow":"follow","max-snippet":"max-snippet:-1","max-image-preview":"max-image-preview:large","max-video-preview":"max-video-preview:-1"},"canonical":"https:\/\/clarisas.cat\/es\/rezamos-por-ti\/","og_locale":"es_ES","og_type":"article","og_title":"Oraci\u00f3n solidaria e inclusiva | Fraternidad de Clarisas, Girona","og_description":"Siguiendo el esp\u00edritu de Clara y Francisco de As\u00eds, en la Fraternidad de Clarisas de Girona rezamos por ti. \u00a1No apaguemos el esp\u00edritu del Se\u00f1or y su acci\u00f3n!","og_url":"https:\/\/clarisas.cat\/es\/rezamos-por-ti\/","og_site_name":"Fraternitat de Clarisses de Vilob\u00ed d\u2019Onyar - Girona | Hostatgeria","article_publisher":"https:\/\/www.facebook.com\/claradassis.fraternitatgirona","article_modified_time":"2019-10-22T14:49:39+00:00","og_image":[{"width":800,"height":600,"url":"https:\/\/clarisas.cat\/wp-content\/uploads\/2019\/08\/IMG_5074.jpg","type":"image\/jpeg"}],"twitter_card":"summary_large_image","twitter_site":"@clarisasvilobi","twitter_misc":{"Tiempo de lectura":"4 minutos"},"schema":{"@context":"https:\/\/schema.org","@graph":[{"@type":"WebSite","@id":"https:\/\/clarisas.cat\/ca\/#website","url":"https:\/\/clarisas.cat\/ca\/","name":"Fraternitat de Clarisses de Vilob\u00ed d\u2019Onyar - Girona | Hostatgeria","description":"Les Clarisses de Girona desitgem compartir la riquesa i joia de viure, des de la fraternitat i la preg\u00e0ria. Obert a tothom que vulgui compartir la preg\u00e0ria.","potentialAction":[{"@type":"SearchAction","target":{"@type":"EntryPoint","urlTemplate":"https:\/\/clarisas.cat\/ca\/?s={search_term_string}"},"query-input":"required name=search_term_string"}],"inLanguage":"es"},{"@type":"ImageObject","@id":"https:\/\/clarisas.cat\/es\/rezamos-por-ti\/#primaryimage","inLanguage":"es","url":"https:\/\/clarisas.cat\/wp-content\/uploads\/2019\/08\/IMG_5074.jpg","contentUrl":"https:\/\/clarisas.cat\/wp-content\/uploads\/2019\/08\/IMG_5074.jpg","width":800,"height":600},{"@type":"WebPage","@id":"https:\/\/clarisas.cat\/es\/rezamos-por-ti\/#webpage","url":"https:\/\/clarisas.cat\/es\/rezamos-por-ti\/","name":"Oraci\u00f3n solidaria e inclusiva | Fraternidad de Clarisas, Girona","isPartOf":{"@id":"https:\/\/clarisas.cat\/ca\/#website"},"primaryImageOfPage":{"@id":"https:\/\/clarisas.cat\/es\/rezamos-por-ti\/#primaryimage"},"datePublished":"2019-08-03T09:00:14+00:00","dateModified":"2019-10-22T14:49:39+00:00","description":"Siguiendo el esp\u00edritu de Clara y Francisco de As\u00eds, en la Fraternidad de Clarisas de Girona rezamos por ti. \u00a1No apaguemos el esp\u00edritu del Se\u00f1or y su acci\u00f3n!","breadcrumb":{"@id":"https:\/\/clarisas.cat\/es\/rezamos-por-ti\/#breadcrumb"},"inLanguage":"es","potentialAction":[{"@type":"ReadAction","target":["https:\/\/clarisas.cat\/es\/rezamos-por-ti\/"]}]},{"@type":"BreadcrumbList","@id":"https:\/\/clarisas.cat\/es\/rezamos-por-ti\/#breadcrumb","itemListElement":[{"@type":"ListItem","position":1,"name":"Inici","item":"https:\/\/clarisas.cat\/es\/"},{"@type":"ListItem","position":2,"name":"Rezamos por ti"}]}]}},"_links":{"self":[{"href":"https:\/\/clarisas.cat\/es\/wp-json\/wp\/v2\/pages\/15702"}],"collection":[{"href":"https:\/\/clarisas.cat\/es\/wp-json\/wp\/v2\/pages"}],"about":[{"href":"https:\/\/clarisas.cat\/es\/wp-json\/wp\/v2\/types\/page"}],"author":[{"embeddable":true,"href":"https:\/\/clarisas.cat\/es\/wp-json\/wp\/v2\/users\/2"}],"replies":[{"embeddable":true,"href":"https:\/\/clarisas.cat\/es\/wp-json\/wp\/v2\/comments?post=15702"}],"version-history":[{"count":21,"href":"https:\/\/clarisas.cat\/es\/wp-json\/wp\/v2\/pages\/15702\/revisions"}],"predecessor-version":[{"id":17410,"href":"https:\/\/clarisas.cat\/es\/wp-json\/wp\/v2\/pages\/15702\/revisions\/17410"}],"wp:featuredmedia":[{"embeddable":true,"href":"https:\/\/clarisas.cat\/es\/wp-json\/wp\/v2\/media\/15900"}],"wp:attachment":[{"href":"https:\/\/clarisas.cat\/es\/wp-json\/wp\/v2\/media?parent=15702"}],"curies":[{"name":"wp","href":"https:\/\/api.w.org\/{rel}","templated":true}]}}